{"id":117,"date":"2020-04-23T19:18:23","date_gmt":"2020-04-23T19:18:23","guid":{"rendered":"https:\/\/awg-dinslaken.de\/?page_id=117"},"modified":"2020-04-28T10:34:42","modified_gmt":"2020-04-28T10:34:42","slug":"spenden-2","status":"publish","type":"page","link":"https:\/\/awg-dinslaken.de\/start\/spenden-2","title":{"rendered":"Spenden"},"content":{"rendered":"<div id='layer_slider_1'  class='avia-layerslider main_color avia-shadow  avia-builder-el-0  el_before_av_one_third  avia-builder-el-first  container_wrap fullsize'  style='height: 161px; max-width: 1280px; margin: 0 auto;'  ><\/div><div id='after_layer_slider_1'  class='main_color av_default_container_wrap container_wrap fullsize'  ><div class='container av-section-cont-open' ><div class='template-page content  av-content-full alpha units'><div class='post-entry post-entry-type-page post-entry-117'><div class='entry-content-wrapper clearfix'>\n\n<style type=\"text\/css\" data-created_by=\"avia_inline_auto\" id=\"style-css-av-h73wd-aedb520553400600d7ada3411d3f3ae6\">\n.flex_column.av-h73wd-aedb520553400600d7ada3411d3f3ae6{\nborder-radius:0px 0px 0px 0px;\npadding:0px 0px 0px 0px;\n}\n<\/style>\n<div  class='flex_column av-h73wd-aedb520553400600d7ada3411d3f3ae6 av_one_third  avia-builder-el-1  el_after_av_layerslider  el_before_av_two_third  avia-builder-el-first  first flex_column_div av-zero-column-padding  '     ><style type=\"text\/css\" data-created_by=\"avia_inline_auto\" id=\"style-css-av-k9dy4vte-387e35207d2f2de15b4430a7034fb4ba\">\n.avia-image-container.av-k9dy4vte-387e35207d2f2de15b4430a7034fb4ba img.avia_image{\nbox-shadow:none;\n}\n.avia-image-container.av-k9dy4vte-387e35207d2f2de15b4430a7034fb4ba .av-image-caption-overlay-center{\ncolor:#ffffff;\n}\n<\/style>\n<div  class='avia-image-container av-k9dy4vte-387e35207d2f2de15b4430a7034fb4ba av-styling- avia-align-center  avia-builder-el-2  avia-builder-el-no-sibling '   itemprop=\"image\" itemscope=\"itemscope\" itemtype=\"https:\/\/schema.org\/ImageObject\" ><div class=\"avia-image-container-inner\"><div class=\"avia-image-overlay-wrap\"><img decoding=\"async\" fetchpriority=\"high\" class='wp-image-211 avia-img-lazy-loading-not-211 avia_image ' src=\"https:\/\/awg-dinslaken.de\/wp-content\/uploads\/2020\/04\/Spende-stark-machen-AWG.png\" alt='' title='Spende-stark-machen-AWG'  height=\"1077\" width=\"850\"  itemprop=\"thumbnailUrl\" srcset=\"https:\/\/awg-dinslaken.de\/wp-content\/uploads\/2020\/04\/Spende-stark-machen-AWG.png 850w, https:\/\/awg-dinslaken.de\/wp-content\/uploads\/2020\/04\/Spende-stark-machen-AWG-237x300.png 237w, https:\/\/awg-dinslaken.de\/wp-content\/uploads\/2020\/04\/Spende-stark-machen-AWG-813x1030.png 813w, https:\/\/awg-dinslaken.de\/wp-content\/uploads\/2020\/04\/Spende-stark-machen-AWG-768x973.png 768w, https:\/\/awg-dinslaken.de\/wp-content\/uploads\/2020\/04\/Spende-stark-machen-AWG-556x705.png 556w\" sizes=\"(max-width: 850px) 100vw, 850px\" \/><\/div><\/div><\/div><\/div>\n\n<style type=\"text\/css\" data-created_by=\"avia_inline_auto\" id=\"style-css-av-8897p-fdf4e7672554e8557a8629ed96c9a2e6\">\n.flex_column.av-8897p-fdf4e7672554e8557a8629ed96c9a2e6{\nborder-radius:0px 0px 0px 0px;\npadding:0px 0px 0px 0px;\n}\n<\/style>\n<div  class='flex_column av-8897p-fdf4e7672554e8557a8629ed96c9a2e6 av_two_third  avia-builder-el-3  el_after_av_one_third  avia-builder-el-last  flex_column_div av-zero-column-padding  '     ><style type=\"text\/css\" data-created_by=\"avia_inline_auto\" id=\"style-css-av-k9dy8sjt-d9a0c3894bc81a992e63e09444c6b1df\">\n#top .av_textblock_section.av-k9dy8sjt-d9a0c3894bc81a992e63e09444c6b1df .avia_textblock{\nfont-size:17px;\n}\n<\/style>\n<section  class='av_textblock_section av-k9dy8sjt-d9a0c3894bc81a992e63e09444c6b1df '   itemscope=\"itemscope\" itemtype=\"https:\/\/schema.org\/CreativeWork\" ><div class='avia_textblock'  itemprop=\"text\" ><section class=\"av_textblock_section \">\n<div class=\"avia_textblock \">\n<p><strong>Jeder Verein lebt von den Beitr\u00e4gen seiner Mitglieder, aber auch von pers\u00f6nlichen Spenden. Unterst\u00fctzen Sie unsere politische Arbeit mit einer Spende.<\/strong><\/p>\n<p>Kontoinhaber: AWG Dinslaken<br \/>\nBank: Niederrheinische Sparkasse RheinLippe<br \/>\nIBAN: DE37 3565 0000 0670 9246 46<br \/>\nBIC: WELADED1WES<\/p>\n<p>Bitte geben Sie als Verwendungszweck noch den Vermerk \u201eSpende\u201c an!<\/p>\n<p><strong>Steuerrechtliche Hinweise<br \/>\n<\/strong>Spenden und Mitgliedsbeitr\u00e4ge an freie W\u00e4hlervereinigungen sind steuerlich beg\u00fcnstigt. Die Steuerersparnis betr\u00e4gt maximal 825 Euro f\u00fcr Alleinstehende und 1.650 Euro f\u00fcr Verheiratete. Nach den \u00a7\u00a7 10 und 34 des Einkommensteuergesetzes werden Spender\/innen bis zu 50 Prozent ihrer Spende im Rahmen ihres Jahressteuerausgleiches erstattet.<\/p>\n<p><strong>Spendenquittungen<\/strong> stellen wir Ihnen sehr gerne wunschgem\u00e4\u00df aus. Diese Bescheinigung k\u00f6nnen Sie zusammen mit Ihrer Steuererkl\u00e4rung f\u00fcr das Jahr der Spende beim Finanzamt einreichen.<\/p>\n<\/div>\n<\/section>\n<\/div><\/section><\/div>\n","protected":false},"excerpt":{"rendered":"","protected":false},"author":1,"featured_media":0,"parent":0,"menu_order":0,"comment_status":"closed","ping_status":"closed","template":"","meta":{"footnotes":""},"class_list":["post-117","page","type-page","status-publish","hentry"],"_links":{"self":[{"href":"https:\/\/awg-dinslaken.de\/start\/wp-json\/wp\/v2\/pages\/117","targetHints":{"allow":["GET"]}}],"collection":[{"href":"https:\/\/awg-dinslaken.de\/start\/wp-json\/wp\/v2\/pages"}],"about":[{"href":"https:\/\/awg-dinslaken.de\/start\/wp-json\/wp\/v2\/types\/page"}],"author":[{"embeddable":true,"href":"https:\/\/awg-dinslaken.de\/start\/wp-json\/wp\/v2\/users\/1"}],"replies":[{"embeddable":true,"href":"https:\/\/awg-dinslaken.de\/start\/wp-json\/wp\/v2\/comments?post=117"}],"version-history":[{"count":9,"href":"https:\/\/awg-dinslaken.de\/start\/wp-json\/wp\/v2\/pages\/117\/revisions"}],"predecessor-version":[{"id":930,"href":"https:\/\/awg-dinslaken.de\/start\/wp-json\/wp\/v2\/pages\/117\/revisions\/930"}],"wp:attachment":[{"href":"https:\/\/awg-dinslaken.de\/start\/wp-json\/wp\/v2\/media?parent=117"}],"curies":[{"name":"wp","href":"https:\/\/api.w.org\/{rel}","templated":true}]}}