{"id":120,"date":"2020-04-23T19:19:03","date_gmt":"2020-04-23T19:19:03","guid":{"rendered":"https:\/\/awg-dinslaken.de\/?page_id=120"},"modified":"2024-05-19T20:36:38","modified_gmt":"2024-05-19T20:36:38","slug":"kontakt-2","status":"publish","type":"page","link":"https:\/\/awg-dinslaken.de\/start\/kontakt-2","title":{"rendered":"Kontakt"},"content":{"rendered":"<div id='layer_slider_1'  class='avia-layerslider main_color avia-shadow  avia-builder-el-0  el_before_av_hr  avia-builder-el-first  container_wrap fullsize'  style='height: 161px; max-width: 1280px; margin: 0 auto;'  ><\/div><div id='after_layer_slider_1'  class='main_color av_default_container_wrap container_wrap fullsize'  ><div class='container av-section-cont-open' ><div class='template-page content  av-content-full alpha units'><div class='post-entry post-entry-type-page post-entry-120'><div class='entry-content-wrapper clearfix'>\n\n<style type=\"text\/css\" data-created_by=\"avia_inline_auto\" id=\"style-css-av-k9dyz1f1-f05cda2fade68b446361f2d18460502b\">\n#top .hr.hr-invisible.av-k9dyz1f1-f05cda2fade68b446361f2d18460502b{\nmargin-top:-50px;\nheight:1px;\n}\n<\/style>\n<div  class='hr av-k9dyz1f1-f05cda2fade68b446361f2d18460502b hr-invisible  avia-builder-el-1  el_after_av_layerslider  el_before_av_one_fifth  avia-builder-el-first '><span class='hr-inner '><span class=\"hr-inner-style\"><\/span><\/span><\/div>\n\n<style type=\"text\/css\" data-created_by=\"avia_inline_auto\" id=\"style-css-av-n66yg-a402dbeaff1bec5716b804a117226ccb\">\n.flex_column.av-n66yg-a402dbeaff1bec5716b804a117226ccb{\nborder-radius:0px 0px 0px 0px;\npadding:0px 0px 0px 0px;\n}\n<\/style>\n<div  class='flex_column av-n66yg-a402dbeaff1bec5716b804a117226ccb av_one_fifth  avia-builder-el-2  el_after_av_hr  el_before_av_three_fifth  first flex_column_div av-zero-column-padding  '     ><\/div>\n\n<style type=\"text\/css\" data-created_by=\"avia_inline_auto\" id=\"style-css-av-gfo8w-bbde6c9c88b75033e4b7e62d2064566f\">\n.flex_column.av-gfo8w-bbde6c9c88b75033e4b7e62d2064566f{\nborder-radius:0px 0px 0px 0px;\npadding:0px 0px 0px 0px;\n}\n<\/style>\n<div  class='flex_column av-gfo8w-bbde6c9c88b75033e4b7e62d2064566f av_three_fifth  avia-builder-el-3  el_after_av_one_fifth  el_before_av_one_fifth  flex_column_div av-zero-column-padding  '     ><p>\n<style type=\"text\/css\" data-created_by=\"avia_inline_auto\" id=\"style-css-av-k9dyz1f1-e7d2a9d157c58a1add3cc0e1e3b61ca9\">\n#top .hr.hr-invisible.av-k9dyz1f1-e7d2a9d157c58a1add3cc0e1e3b61ca9{\nmargin-top:-30px;\nheight:1px;\n}\n<\/style>\n<div  class='hr av-k9dyz1f1-e7d2a9d157c58a1add3cc0e1e3b61ca9 hr-invisible  avia-builder-el-4  el_before_av_textblock  avia-builder-el-first '><span class='hr-inner '><span class=\"hr-inner-style\"><\/span><\/span><\/div><br \/>\n\n<style type=\"text\/css\" data-created_by=\"avia_inline_auto\" id=\"style-css-av-k9dywfmq-3dcd1c24eb0bd19dd192d54d5a9e4517\">\n#top .av_textblock_section.av-k9dywfmq-3dcd1c24eb0bd19dd192d54d5a9e4517 .avia_textblock{\nfont-size:40px;\n}\n<\/style>\n<section  class='av_textblock_section av-k9dywfmq-3dcd1c24eb0bd19dd192d54d5a9e4517 '   itemscope=\"itemscope\" itemtype=\"https:\/\/schema.org\/CreativeWork\" ><div class='avia_textblock'  itemprop=\"text\" ><p style=\"text-align: center;\">Politik ohne Parteibuch!<\/p>\n<\/div><\/section><br \/>\n\n<style type=\"text\/css\" data-created_by=\"avia_inline_auto\" id=\"style-css-av-k9dyz1f1-21d37720ef3b19cf00ce80fd345e12b1\">\n#top .hr.hr-invisible.av-k9dyz1f1-21d37720ef3b19cf00ce80fd345e12b1{\nmargin-top:-60px;\nheight:1px;\n}\n<\/style>\n<div  class='hr av-k9dyz1f1-21d37720ef3b19cf00ce80fd345e12b1 hr-invisible  avia-builder-el-6  el_after_av_textblock  el_before_av_textblock '><span class='hr-inner '><span class=\"hr-inner-style\"><\/span><\/span><\/div><br \/>\n\n<style type=\"text\/css\" data-created_by=\"avia_inline_auto\" id=\"style-css-av-k9dywfmq-ecc103836b2b468b7e83ad0b6617333f\">\n#top .av_textblock_section.av-k9dywfmq-ecc103836b2b468b7e83ad0b6617333f .avia_textblock{\nfont-size:30px;\n}\n<\/style>\n<section  class='av_textblock_section av-k9dywfmq-ecc103836b2b468b7e83ad0b6617333f '   itemscope=\"itemscope\" itemtype=\"https:\/\/schema.org\/CreativeWork\" ><div class='avia_textblock'  itemprop=\"text\" ><p style=\"text-align: center;\">Hier bist Du richtig, wenn Du in Dinslaken mit entscheiden willst!<\/p>\n<\/div><\/section><\/p><\/div>\n\n<style type=\"text\/css\" data-created_by=\"avia_inline_auto\" id=\"style-css-av-b5a2w-5ddea41e689661b94b222af1eb248034\">\n.flex_column.av-b5a2w-5ddea41e689661b94b222af1eb248034{\nborder-radius:0px 0px 0px 0px;\npadding:0px 0px 0px 0px;\n}\n<\/style>\n<div  class='flex_column av-b5a2w-5ddea41e689661b94b222af1eb248034 av_one_fifth  avia-builder-el-8  el_after_av_three_fifth  el_before_av_one_half  flex_column_div av-zero-column-padding  '     ><\/div>\n\n<style type=\"text\/css\" data-created_by=\"avia_inline_auto\" id=\"style-css-av-czt54-e300e3bb1cf7efbbd2972d428c4fc187\">\n.flex_column.av-czt54-e300e3bb1cf7efbbd2972d428c4fc187{\nborder-radius:0px 0px 0px 0px;\npadding:0px 0px 0px 0px;\n}\n<\/style>\n<div  class='flex_column av-czt54-e300e3bb1cf7efbbd2972d428c4fc187 av_one_half  avia-builder-el-9  el_after_av_one_fifth  el_before_av_one_half  first flex_column_div av-zero-column-padding  column-top-margin'     ><style type=\"text\/css\" data-created_by=\"avia_inline_auto\" id=\"style-css-av-k9dz7nn8-054181a2c6b7cd11fa45b3d79807948a\">\n#top .av_textblock_section.av-k9dz7nn8-054181a2c6b7cd11fa45b3d79807948a .avia_textblock{\nfont-size:20px;\n}\n<\/style>\n<section  class='av_textblock_section av-k9dz7nn8-054181a2c6b7cd11fa45b3d79807948a '   itemscope=\"itemscope\" itemtype=\"https:\/\/schema.org\/CreativeWork\" ><div class='avia_textblock'  itemprop=\"text\" ><ul>\n<li>Du willst dich einbringen, die\u00a0 Parteien und deren Politiker vertreten aber nicht wirklich deine Interessen!<\/li>\n<li>Die Bundesparteien sind f\u00fcr dich heute unw\u00e4hlbar geworden, weil sie die B\u00fcrgern\u00e4he verloren haben.<\/li>\n<li>Du suchst Gleichgesinnte, die deine Interessen und die der Menschen in Dinslaken vertreten.<\/li>\n<\/ul>\n<\/div><\/section><\/div>\n\n<style type=\"text\/css\" data-created_by=\"avia_inline_auto\" id=\"style-css-av-9dmew-4415d785833281afc9502d768ccf6427\">\n.flex_column.av-9dmew-4415d785833281afc9502d768ccf6427{\nborder-radius:0px 0px 0px 0px;\npadding:0px 0px 0px 0px;\n}\n<\/style>\n<div  class='flex_column av-9dmew-4415d785833281afc9502d768ccf6427 av_one_half  avia-builder-el-11  el_after_av_one_half  el_before_av_one_half  flex_column_div av-zero-column-padding  column-top-margin'     ><style type=\"text\/css\" data-created_by=\"avia_inline_auto\" id=\"style-css-av-k9dz7nn8-054181a2c6b7cd11fa45b3d79807948a\">\n#top .av_textblock_section.av-k9dz7nn8-054181a2c6b7cd11fa45b3d79807948a .avia_textblock{\nfont-size:20px;\n}\n<\/style>\n<section  class='av_textblock_section av-k9dz7nn8-054181a2c6b7cd11fa45b3d79807948a '   itemscope=\"itemscope\" itemtype=\"https:\/\/schema.org\/CreativeWork\" ><div class='avia_textblock'  itemprop=\"text\" ><ul>\n<li>Du willst dich engagieren, aber als Einzelk\u00e4mpfer hast du keine ECHTEN Chancen.<\/li>\n<li>Du willst nicht nur am Stammtisch reden, sondern machen!<\/li>\n<\/ul>\n<\/div><\/section><\/div>\n\n<style type=\"text\/css\" data-created_by=\"avia_inline_auto\" id=\"style-css-av-9dmew-efbd2b210640715852f05b1a4787312d\">\n.flex_column.av-9dmew-efbd2b210640715852f05b1a4787312d{\nborder-radius:0px 0px 0px 0px;\npadding:0px 0px 0px 0px;\n}\n<\/style>\n<div  class='flex_column av-9dmew-efbd2b210640715852f05b1a4787312d av_one_half  avia-builder-el-13  el_after_av_one_half  el_before_av_one_half  first flex_column_div av-zero-column-padding  column-top-margin'     ><p>\n<style type=\"text\/css\" data-created_by=\"avia_inline_auto\" id=\"style-css-av-k9dzagc1-45f2521bbb83f00c1465ce4e5c50af42\">\n.avia-video.av-k9dzagc1-45f2521bbb83f00c1465ce4e5c50af42{\nbackground-image:url(https:\/\/awg-dinslaken.de\/wp-content\/uploads\/2020\/04\/Startbild-Video-60-sek.png);\n}\n<\/style>\n<div  class='avia-video av-k9dzagc1-45f2521bbb83f00c1465ce4e5c50af42 avia-video-16-9 av-preview-image avia-video-load-always avia-video-html5'  itemprop=\"video\" itemtype=\"https:\/\/schema.org\/VideoObject\"  data-original_url='https:\/\/awg-dinslaken.de\/wp-content\/uploads\/2020\/04\/AWG-Dinslaken-in-60-sek-3.mp4'><video class='avia_video' poster=\"https:\/\/awg-dinslaken.de\/wp-content\/uploads\/2020\/04\/Startbild-Video-60-sek.png\"   preload=\"auto\"  controls id='player_120_439900296_2108120655'><source src='https:\/\/awg-dinslaken.de\/wp-content\/uploads\/2020\/04\/AWG-Dinslaken-in-60-sek-3.mp4' type='video\/mp4' \/><\/video><\/div><br \/>\n\n<style type=\"text\/css\" data-created_by=\"avia_inline_auto\" id=\"style-css-av-k9e0vw15-421cd69b80e3c9643e2f35d9b3924bf6\">\n#top .hr.hr-invisible.av-k9e0vw15-421cd69b80e3c9643e2f35d9b3924bf6{\nheight:30px;\n}\n<\/style>\n<div  class='hr av-k9e0vw15-421cd69b80e3c9643e2f35d9b3924bf6 hr-invisible  avia-builder-el-15  el_after_av_video  el_before_av_textblock '><span class='hr-inner '><span class=\"hr-inner-style\"><\/span><\/span><\/div><br \/>\n\n<style type=\"text\/css\" data-created_by=\"avia_inline_auto\" id=\"style-css-av-k9dz7nn8-054181a2c6b7cd11fa45b3d79807948a\">\n#top .av_textblock_section.av-k9dz7nn8-054181a2c6b7cd11fa45b3d79807948a .avia_textblock{\nfont-size:20px;\n}\n<\/style>\n<section  class='av_textblock_section av-k9dz7nn8-054181a2c6b7cd11fa45b3d79807948a '   itemscope=\"itemscope\" itemtype=\"https:\/\/schema.org\/CreativeWork\" ><div class='avia_textblock'  itemprop=\"text\" ><section class=\"av_textblock_section\">\n<div class=\"avia_textblock \">\n<p><strong>\u00dcber 24.000 Menschen in den W\u00e4hlergemeinschaften von St\u00e4dten, Gemeinden und Kreisen in NRW denken schon so wie du und handeln anstatt nur zu reden!<\/strong><\/p>\n<\/div>\n<\/section>\n<section class=\"av_textblock_section\">\n<div class=\"avia_textblock \">\n<p>Ohne Parteibuch, nur dem gesunden Menschenverstand verpflichtet bringen sie es im Rat, in den Bezirken und im Kreis auf den Punkt.<\/p>\n<p>Schau in die Zeitung oder in den sozialen Medien und du findest genau diese Leute.<\/p>\n<\/div>\n<\/section>\n<\/div><\/section><br \/>\n\n<style type=\"text\/css\" data-created_by=\"avia_inline_auto\" id=\"style-css-av-k9dz7nn8-054181a2c6b7cd11fa45b3d79807948a\">\n#top .av_textblock_section.av-k9dz7nn8-054181a2c6b7cd11fa45b3d79807948a .avia_textblock{\nfont-size:20px;\n}\n<\/style>\n<section  class='av_textblock_section av-k9dz7nn8-054181a2c6b7cd11fa45b3d79807948a '   itemscope=\"itemscope\" itemtype=\"https:\/\/schema.org\/CreativeWork\" ><div class='avia_textblock'  itemprop=\"text\" ><p><img loading=\"lazy\" decoding=\"async\" class=\"alignnone wp-image-16\" src=\"https:\/\/awg-dinslaken.de\/wp-content\/uploads\/2020\/04\/Logo-Aktive-AWG-300x165.png\" alt=\"\" width=\"215\" height=\"118\" srcset=\"https:\/\/awg-dinslaken.de\/wp-content\/uploads\/2020\/04\/Logo-Aktive-AWG-300x165.png 300w, https:\/\/awg-dinslaken.de\/wp-content\/uploads\/2020\/04\/Logo-Aktive-AWG-1030x565.png 1030w, https:\/\/awg-dinslaken.de\/wp-content\/uploads\/2020\/04\/Logo-Aktive-AWG-768x421.png 768w, https:\/\/awg-dinslaken.de\/wp-content\/uploads\/2020\/04\/Logo-Aktive-AWG-705x387.png 705w, https:\/\/awg-dinslaken.de\/wp-content\/uploads\/2020\/04\/Logo-Aktive-AWG.png 1340w\" sizes=\"auto, (max-width: 215px) 100vw, 215px\" \/><\/p>\n<p><strong>AWG &#8211; Dinslaken<\/strong><\/p>\n<p><strong>Aktive W\u00e4hlergemeinschaft<\/strong><\/p>\n<p>Goethestr. 95<br \/>\n46535 Dinslaken<\/p>\n<p>Telefon: 0 20 64\/ 456 65 38<br \/>\nTelefax: 0 20 64\/ 456 65 39<\/p>\n<p>E-Mail: info@awg-dinslaken.de<\/p>\n<\/div><\/section><\/p><\/div>\n<style type=\"text\/css\" data-created_by=\"avia_inline_auto\" id=\"style-css-av-9dmew-e79e5ffd8364f6daba3ee6b9ebc8797e\">\n.flex_column.av-9dmew-e79e5ffd8364f6daba3ee6b9ebc8797e{\nborder-width:10px;\nborder-color:#f2f2f2;\nborder-style:solid;\nborder-radius:0 0 0 0;\npadding:0px 0px 0px 0px;\nbackground-color:#f2f2f2;\n}\n<\/style>\n<div  class='flex_column av-9dmew-e79e5ffd8364f6daba3ee6b9ebc8797e av_one_half  avia-builder-el-18  el_after_av_one_half  avia-builder-el-last  flex_column_div av-zero-column-padding  column-top-margin'     ><p>\n<style type=\"text\/css\" data-created_by=\"avia_inline_auto\" id=\"style-css-av-k9dyz1f1-e7d2a9d157c58a1add3cc0e1e3b61ca9\">\n#top .hr.hr-invisible.av-k9dyz1f1-e7d2a9d157c58a1add3cc0e1e3b61ca9{\nmargin-top:-30px;\nheight:1px;\n}\n<\/style>\n<div  class='hr av-k9dyz1f1-e7d2a9d157c58a1add3cc0e1e3b61ca9 hr-invisible  avia-builder-el-19  el_before_av_textblock  avia-builder-el-first '><span class='hr-inner '><span class=\"hr-inner-style\"><\/span><\/span><\/div><br \/>\n\n<style type=\"text\/css\" data-created_by=\"avia_inline_auto\" id=\"style-css-av-k9dz7nn8-054181a2c6b7cd11fa45b3d79807948a\">\n#top .av_textblock_section.av-k9dz7nn8-054181a2c6b7cd11fa45b3d79807948a .avia_textblock{\nfont-size:20px;\n}\n<\/style>\n<section  class='av_textblock_section av-k9dz7nn8-054181a2c6b7cd11fa45b3d79807948a '   itemscope=\"itemscope\" itemtype=\"https:\/\/schema.org\/CreativeWork\" ><div class='avia_textblock'  itemprop=\"text\" ><p><em>(Anklicken und Absenden!)<\/em><strong><br \/>\nDas interessiert mich, daf\u00fcr w\u00fcrde ich mich gerne in Dinslaken engagieren.<br \/>\n<\/strong><strong><br \/>\n<\/strong><\/p>\n<\/div><\/section><br \/>\n<\/p><\/div><\/p>\n","protected":false},"excerpt":{"rendered":"","protected":false},"author":1,"featured_media":0,"parent":0,"menu_order":0,"comment_status":"closed","ping_status":"closed","template":"","meta":{"footnotes":""},"class_list":["post-120","page","type-page","status-publish","hentry"],"_links":{"self":[{"href":"https:\/\/awg-dinslaken.de\/start\/wp-json\/wp\/v2\/pages\/120","targetHints":{"allow":["GET"]}}],"collection":[{"href":"https:\/\/awg-dinslaken.de\/start\/wp-json\/wp\/v2\/pages"}],"about":[{"href":"https:\/\/awg-dinslaken.de\/start\/wp-json\/wp\/v2\/types\/page"}],"author":[{"embeddable":true,"href":"https:\/\/awg-dinslaken.de\/start\/wp-json\/wp\/v2\/users\/1"}],"replies":[{"embeddable":true,"href":"https:\/\/awg-dinslaken.de\/start\/wp-json\/wp\/v2\/comments?post=120"}],"version-history":[{"count":35,"href":"https:\/\/awg-dinslaken.de\/start\/wp-json\/wp\/v2\/pages\/120\/revisions"}],"predecessor-version":[{"id":1226,"href":"https:\/\/awg-dinslaken.de\/start\/wp-json\/wp\/v2\/pages\/120\/revisions\/1226"}],"wp:attachment":[{"href":"https:\/\/awg-dinslaken.de\/start\/wp-json\/wp\/v2\/media?parent=120"}],"curies":[{"name":"wp","href":"https:\/\/api.w.org\/{rel}","templated":true}]}}