{"id":123,"date":"2020-04-23T19:19:39","date_gmt":"2020-04-23T19:19:39","guid":{"rendered":"https:\/\/awg-dinslaken.de\/?page_id=123"},"modified":"2025-06-30T08:51:38","modified_gmt":"2025-06-30T08:51:38","slug":"termine-2","status":"publish","type":"page","link":"https:\/\/awg-dinslaken.de\/start\/termine-2","title":{"rendered":"Termine"},"content":{"rendered":"<div id='layer_slider_1'  class='avia-layerslider main_color avia-shadow  avia-builder-el-0  el_before_av_one_fifth  avia-builder-el-first  container_wrap fullsize'  style='height: 161px; max-width: 1280px; margin: 0 auto;'  ><\/div><div id='after_layer_slider_1'  class='main_color av_default_container_wrap container_wrap fullsize'  ><div class='container av-section-cont-open' ><div class='template-page content  av-content-full alpha units'><div class='post-entry post-entry-type-page post-entry-123'><div class='entry-content-wrapper clearfix'>\n\n<style type=\"text\/css\" data-created_by=\"avia_inline_auto\" id=\"style-css-av-2em89n-c779b7b00cbd118e2d64d2f8a61d3802\">\n.flex_column.av-2em89n-c779b7b00cbd118e2d64d2f8a61d3802{\nborder-radius:0px 0px 0px 0px;\npadding:0px 0px 0px 0px;\n}\n<\/style>\n<div  class='flex_column av-2em89n-c779b7b00cbd118e2d64d2f8a61d3802 av_one_fifth  avia-builder-el-1  el_after_av_layerslider  el_before_av_three_fifth  avia-builder-el-first  first flex_column_div av-zero-column-padding  '     ><\/div>\n\n<style type=\"text\/css\" data-created_by=\"avia_inline_auto\" id=\"style-css-av-28e1a3-f01f37202ef7ce77bfd1ae11b8d3214d\">\n.flex_column.av-28e1a3-f01f37202ef7ce77bfd1ae11b8d3214d{\nborder-radius:0px 0px 0px 0px;\npadding:0px 0px 0px 0px;\n}\n<\/style>\n<div  class='flex_column av-28e1a3-f01f37202ef7ce77bfd1ae11b8d3214d av_three_fifth  avia-builder-el-2  el_after_av_one_fifth  el_before_av_one_fifth  flex_column_div av-zero-column-padding  '     ><div class='avia-data-table-wrap av-250umj-fb1a17bbe50751ae77f294c3f86b6973 avia_responsive_table avia-table-1'><table  class='avia-table avia-data-table avia_pricing_default  avia-builder-el-3  avia-builder-el-no-sibling '  itemscope=\"itemscope\" itemtype=\"https:\/\/schema.org\/Table\" ><caption>\u00c4nderungen bei Datum, Ort und Zeit aus aktuellen Anl\u00e4ssen m\u00f6glich<\/caption><tbody><tr class='avia-heading-row'><th class=''>Anlass<\/th><th class=''>Ort<\/th><th class=''>Zeit<\/th><\/tr><tr class=''><td class=''>Kommunalwahl 2025<\/td><td class=''>Rathaus<br \/>\nRatssaal &#8211; 1. Etage<\/td><td class=''>14. September 2025 &#8211; 08:00 &#8211; 18:00 Uhr<\/td><\/tr><\/tbody><\/table><\/div><style type='text\/css'>.avia-table-1 td:nth-of-type(1):before { content: 'Anlass'; } .avia-table-1 td:nth-of-type(2):before { content: 'Ort'; } .avia-table-1 td:nth-of-type(3):before { content: 'Zeit'; } <\/style><\/div>\n<style type=\"text\/css\" data-created_by=\"avia_inline_auto\" id=\"style-css-av-6y4q3-9d1c28627045dc4a4dc3bf0d8a289b89\">\n.flex_column.av-6y4q3-9d1c28627045dc4a4dc3bf0d8a289b89{\nborder-radius:0px 0px 0px 0px;\npadding:0px 0px 0px 0px;\n}\n<\/style>\n<div  class='flex_column av-6y4q3-9d1c28627045dc4a4dc3bf0d8a289b89 av_one_fifth  avia-builder-el-4  el_after_av_three_fifth  avia-builder-el-last  flex_column_div av-zero-column-padding  '     ><\/div><\/p>\n","protected":false},"excerpt":{"rendered":"","protected":false},"author":1,"featured_media":0,"parent":0,"menu_order":0,"comment_status":"closed","ping_status":"closed","template":"","meta":{"footnotes":""},"class_list":["post-123","page","type-page","status-publish","hentry"],"_links":{"self":[{"href":"https:\/\/awg-dinslaken.de\/start\/wp-json\/wp\/v2\/pages\/123","targetHints":{"allow":["GET"]}}],"collection":[{"href":"https:\/\/awg-dinslaken.de\/start\/wp-json\/wp\/v2\/pages"}],"about":[{"href":"https:\/\/awg-dinslaken.de\/start\/wp-json\/wp\/v2\/types\/page"}],"author":[{"embeddable":true,"href":"https:\/\/awg-dinslaken.de\/start\/wp-json\/wp\/v2\/users\/1"}],"replies":[{"embeddable":true,"href":"https:\/\/awg-dinslaken.de\/start\/wp-json\/wp\/v2\/comments?post=123"}],"version-history":[{"count":11,"href":"https:\/\/awg-dinslaken.de\/start\/wp-json\/wp\/v2\/pages\/123\/revisions"}],"predecessor-version":[{"id":1350,"href":"https:\/\/awg-dinslaken.de\/start\/wp-json\/wp\/v2\/pages\/123\/revisions\/1350"}],"wp:attachment":[{"href":"https:\/\/awg-dinslaken.de\/start\/wp-json\/wp\/v2\/media?parent=123"}],"curies":[{"name":"wp","href":"https:\/\/api.w.org\/{rel}","templated":true}]}}