{"id":24,"date":"2020-04-23T13:10:30","date_gmt":"2020-04-23T13:10:30","guid":{"rendered":"https:\/\/awg-dinslaken.de\/?page_id=24"},"modified":"2025-07-01T18:55:26","modified_gmt":"2025-07-01T18:55:26","slug":"start","status":"publish","type":"page","link":"https:\/\/awg-dinslaken.de\/start\/","title":{"rendered":"Start"},"content":{"rendered":"<div id='layer_slider_1'  class='avia-layerslider main_color avia-shadow  avia-builder-el-0  el_before_av_two_fifth  avia-builder-el-first  container_wrap fullsize'  style='height: 361px; max-width: 1280px; margin: 0 auto;'  ><\/div><div id='after_layer_slider_1'  class='main_color av_default_container_wrap container_wrap fullsize'  ><div class='container av-section-cont-open' ><div class='template-page content  av-content-full alpha units'><div class='post-entry post-entry-type-page post-entry-24'><div class='entry-content-wrapper clearfix'>\n\n<style type=\"text\/css\" data-created_by=\"avia_inline_auto\" id=\"style-css-av-rupw-d49ba68bdf8753cc932ff0a3f4401fdc\">\n.flex_column.av-rupw-d49ba68bdf8753cc932ff0a3f4401fdc{\nborder-radius:0px 0px 0px 0px;\npadding:0px 0px 0px 0px;\n}\n<\/style>\n<div  class='flex_column av-rupw-d49ba68bdf8753cc932ff0a3f4401fdc av_two_fifth  avia-builder-el-1  el_after_av_layerslider  el_before_av_three_fifth  avia-builder-el-first  first flex_column_div av-zero-column-padding  '     ><p>\n<style type=\"text\/css\" data-created_by=\"avia_inline_auto\" id=\"style-css-av-kjevov35-b79959d8414151b7c3193bbedde4207b\">\n.avia-image-container.av-kjevov35-b79959d8414151b7c3193bbedde4207b img.avia_image{\nbox-shadow:none;\n}\n.avia-image-container.av-kjevov35-b79959d8414151b7c3193bbedde4207b .av-image-caption-overlay-center{\ncolor:#ffffff;\n}\n<\/style>\n<div  class='avia-image-container av-kjevov35-b79959d8414151b7c3193bbedde4207b av-styling- avia-align-center  avia-builder-el-2  el_before_av_image  avia-builder-el-first '   itemprop=\"image\" itemscope=\"itemscope\" itemtype=\"https:\/\/schema.org\/ImageObject\" ><div class=\"avia-image-container-inner\"><div class=\"avia-image-overlay-wrap\"><img decoding=\"async\" fetchpriority=\"high\" class='wp-image-1354 avia-img-lazy-loading-not-1354 avia_image ' src=\"https:\/\/awg-dinslaken.de\/wp-content\/uploads\/2025\/07\/AWG-Kommunalwahl-2025-845x684.png\" alt='' title='AWG Kommunalwahl 2025'  height=\"684\" width=\"845\"  itemprop=\"thumbnailUrl\" srcset=\"https:\/\/awg-dinslaken.de\/wp-content\/uploads\/2025\/07\/AWG-Kommunalwahl-2025-845x684.png 845w, https:\/\/awg-dinslaken.de\/wp-content\/uploads\/2025\/07\/AWG-Kommunalwahl-2025-495x400.png 495w\" sizes=\"(max-width: 845px) 100vw, 845px\" \/><\/div><\/div><\/div><br \/>\n\n<style type=\"text\/css\" data-created_by=\"avia_inline_auto\" id=\"style-css-av-mckvyrnw-3370063c8b75a37ad591bdb54f9cf4a2\">\n.avia-image-container.av-mckvyrnw-3370063c8b75a37ad591bdb54f9cf4a2 img.avia_image{\nbox-shadow:none;\n}\n.avia-image-container.av-mckvyrnw-3370063c8b75a37ad591bdb54f9cf4a2 .av-image-caption-overlay-center{\ncolor:#ffffff;\n}\n<\/style>\n<div  class='avia-image-container av-mckvyrnw-3370063c8b75a37ad591bdb54f9cf4a2 av-styling- avia-align-center  avia-builder-el-3  el_after_av_image  avia-builder-el-last '   itemprop=\"image\" itemscope=\"itemscope\" itemtype=\"https:\/\/schema.org\/ImageObject\" ><div class=\"avia-image-container-inner\"><div class=\"avia-image-overlay-wrap\"><img decoding=\"async\" fetchpriority=\"high\" class='wp-image-1344 avia-img-lazy-loading-not-1344 avia_image ' src=\"https:\/\/awg-dinslaken.de\/wp-content\/uploads\/2025\/06\/AWG_Vorstand-845x684.png\" alt='' title='AWG_Vorstand'  height=\"684\" width=\"845\"  itemprop=\"thumbnailUrl\" srcset=\"https:\/\/awg-dinslaken.de\/wp-content\/uploads\/2025\/06\/AWG_Vorstand-845x684.png 845w, https:\/\/awg-dinslaken.de\/wp-content\/uploads\/2025\/06\/AWG_Vorstand-495x400.png 495w\" sizes=\"(max-width: 845px) 100vw, 845px\" \/><\/div><\/div><\/div><\/p><\/div>\n<style type=\"text\/css\" data-created_by=\"avia_inline_auto\" id=\"style-css-av-rupw-6-ad2fb526d07f8a2caefed9cf7c79187a\">\n.flex_column.av-rupw-6-ad2fb526d07f8a2caefed9cf7c79187a{\nborder-radius:0px 0px 0px 0px;\npadding:0px 0px 0px 0px;\n}\n<\/style>\n<div  class='flex_column av-rupw-6-ad2fb526d07f8a2caefed9cf7c79187a av_three_fifth  avia-builder-el-4  el_after_av_two_fifth  el_before_av_section  avia-builder-el-last  flex_column_div av-zero-column-padding  '     ><style type=\"text\/css\" data-created_by=\"avia_inline_auto\" id=\"style-css-av-k9cw6a2b-d940beac0cca9ed7fdb108d08726aff6\">\n#top .av_textblock_section.av-k9cw6a2b-d940beac0cca9ed7fdb108d08726aff6 .avia_textblock{\nfont-size:20px;\n}\n<\/style>\n<section  class='av_textblock_section av-k9cw6a2b-d940beac0cca9ed7fdb108d08726aff6 '   itemscope=\"itemscope\" itemtype=\"https:\/\/schema.org\/CreativeWork\" ><div class='avia_textblock'  itemprop=\"text\" ><p style=\"text-align: left;\"><strong>Das sind wir und das machen wir<br \/>\n<\/strong><\/p>\n<\/div><\/section><br \/>\n\n<style type=\"text\/css\" data-created_by=\"avia_inline_auto\" id=\"style-css-av-k9cw6a2b-4-fbecd50f8353ec6d17324aad7f3e79b0\">\n#top .av_textblock_section.av-k9cw6a2b-4-fbecd50f8353ec6d17324aad7f3e79b0 .avia_textblock{\nfont-size:20px;\n}\n<\/style>\n<section  class='av_textblock_section av-k9cw6a2b-4-fbecd50f8353ec6d17324aad7f3e79b0 '   itemscope=\"itemscope\" itemtype=\"https:\/\/schema.org\/CreativeWork\" ><div class='avia_textblock'  itemprop=\"text\" ><section class=\"av_textblock_section\">\n<div class=\"avia_textblock \">\n<p>Engagierte B\u00fcrger haben 2009 in Dinslaken beschlossen, b\u00fcrgernah, unabh\u00e4ngig und sachbezogen politisch t\u00e4tig zu sein. Das Ergebnis war die Gr\u00fcndung der <strong>AWG &#8211; Aktive W\u00e4hlergemeinschaft Dinslaken.<br \/>\n<\/strong><\/p>\n<p>Seit dieser Zeit haben wir einiges bewegt und werden uns auch in Zukunft von unseren Prinzipien leiten lassen.<\/p>\n<\/div>\n<\/section>\n<section class=\"av_textblock_section \">\n<div class=\"avia_textblock \">\n<div class=\"avia_textblock \">\n<p>Als Mitglied des Stadtrates vertreten wir die Interessen <strong>ALLER B\u00fcrger von Dinslaken.<\/strong><\/p>\n<p>Dabei urteilen wir nur sachbezogen und unterst\u00fctzen auch Antr\u00e4ge anderer Fraktionen, wenn sie im Sinne der B\u00fcrger von Dinslaken sind. Viele haben es erkannt und unterst\u00fctzen uns bei den Wahlen durch Abgabe Ihrer Stimme.<br \/>\nKurzum:<\/p>\n<ul>\n<li>Wir machen Kommunalpolitik ohne Parteibuch<\/li>\n<li>Wir l\u00f6sen Probleme statt sie erwalten<\/li>\n<li>Wir sind der aktive Gegenpol zu den Bundesparteien<\/li>\n<li>Wir sind f\u00fcr soziale Gerechtigkeit und mehr Basisdemokratie<\/li>\n<\/ul>\n<\/div>\n<\/div>\n<\/section>\n<\/div><\/section><\/p><\/div><\/p>\n<\/div><\/div><\/div><!-- close content main div --><\/div><\/div>\n<style type=\"text\/css\" data-created_by=\"avia_inline_auto\" id=\"style-css-av-k9cwz70r-3b3460fe0c09bf729b18ac69e64f630e\">\n.avia-section.av-k9cwz70r-3b3460fe0c09bf729b18ac69e64f630e .av-parallax .av-parallax-inner{\nbackground-repeat:no-repeat;\nbackground-image:url(https:\/\/awg-dinslaken.de\/wp-content\/uploads\/2020\/04\/Rheinbr\u00fcckeWesel-sof-BGt-1500x562.jpg);\nbackground-position:0% 0%;\nbackground-attachment:scroll;\n}\n<\/style>\n<div id='av_section_1'  class='avia-section av-k9cwz70r-3b3460fe0c09bf729b18ac69e64f630e main_color avia-section-default avia-no-border-styling  avia-builder-el-7  el_after_av_three_fifth  el_before_av_button_big  av-parallax-section avia-bg-style-parallax container_wrap fullsize'  data-section-bg-repeat='no-repeat'><div class='av-parallax' data-avia-parallax-ratio='0.3' ><div class='av-parallax-inner main_color avia-full-stretch'><\/div><\/div><div class='container av-section-cont-open' ><div class='template-page content  av-content-full alpha units'><div class='post-entry post-entry-type-page post-entry-24'><div class='entry-content-wrapper clearfix'>\n\n<style type=\"text\/css\" data-created_by=\"avia_inline_auto\" id=\"style-css-av-rupw-5-8591480a7daa0ceb74533ded6aef604d\">\n.flex_column.av-rupw-5-8591480a7daa0ceb74533ded6aef604d{\nborder-radius:0px 0px 0px 0px;\npadding:0px 0px 0px 0px;\n}\n<\/style>\n<div  class='flex_column av-rupw-5-8591480a7daa0ceb74533ded6aef604d av_one_third  avia-builder-el-8  el_before_av_two_third  avia-builder-el-first  first flex_column_div av-zero-column-padding  '     ><style type=\"text\/css\" data-created_by=\"avia_inline_auto\" id=\"style-css-sub-av-k9cx4fg6-55acb224c3fc5cbd5d58a83b1c1a76f0\">\n.av-hotspot-image-container .av-image-hotspot.av-21wwc-ad609f8fdbe3fd8c2dbd52ffa70b0ab2{\ntop:29.3%;\nleft:48.8%;\n}\n.av-hotspot-image-container .av-image-hotspot.av-1htwk-85faff39d25793234ea246ca6e57573e{\ntop:38.2%;\nleft:71.3%;\n}\n.av-hotspot-image-container .av-image-hotspot.av-140u4-52e6b7e80fe8c4e079d03a284c9e04e3{\ntop:48.2%;\nleft:63.1%;\n}\n.av-hotspot-image-container .av-image-hotspot.av-3olbk-1cec36d81ed7b63de505cca7651dbeaa{\ntop:51.8%;\nleft:50%;\n}\n.av-hotspot-image-container .av-image-hotspot.av-3hb1w-b3db110c9c3a19dbd23533ed7e2ff9b2{\ntop:53.2%;\nleft:25%;\n}\n.av-hotspot-image-container .av-image-hotspot.av-2inag-de86cf9941ae7664527b2037e50f90f9{\ntop:87.5%;\nleft:48.1%;\n}\n.av-hotspot-image-container .av-image-hotspot.av-23fao-526f381a18518794f6852c621a68c61e{\ntop:43.2%;\nleft:28.1%;\n}\n.av-hotspot-image-container .av-image-hotspot.av-23fao-526f381a18518794f6852c621a68c61e .av-image-hotspot_inner{\nbackground-color:#af0000;\ncolor:#888888;\n}\n.av-hotspot-image-container .av-image-hotspot.av-23fao-526f381a18518794f6852c621a68c61e .av-image-hotspot-pulse{\nbackground-color:#ffffff;\n}\n.av-hotspot-image-container .av-image-hotspot.av-1a724-87b079a16eee910256248beaa4e42b12{\ntop:40.6%;\nleft:42.5%;\n}\n.av-hotspot-image-container .av-image-hotspot.av-1a724-87b079a16eee910256248beaa4e42b12 .av-image-hotspot_inner{\nbackground-color:#af0000;\ncolor:#888888;\n}\n.av-hotspot-image-container .av-image-hotspot.av-1a724-87b079a16eee910256248beaa4e42b12 .av-image-hotspot-pulse{\nbackground-color:#ffffff;\n}\n.av-hotspot-image-container .av-image-hotspot.av-140ok-14636a091c6ae9514560db9a0391c3a7{\ntop:60.7%;\nleft:65.6%;\n}\n.av-hotspot-image-container .av-image-hotspot.av-140ok-14636a091c6ae9514560db9a0391c3a7 .av-image-hotspot_inner{\nbackground-color:#0070e8;\ncolor:#888888;\n}\n.av-hotspot-image-container .av-image-hotspot.av-140ok-14636a091c6ae9514560db9a0391c3a7 .av-image-hotspot-pulse{\nbackground-color:#ffffff;\n}\n<\/style>\n<div  class='av-hotspot-image-container av-k9cx4fg6-55acb224c3fc5cbd5d58a83b1c1a76f0  avia-builder-el-9  avia-builder-el-no-sibling  av-hotspot-blank av-mobile-fallback-active  av-non-fullwidth-hotspot-image'  itemprop=\"image\" itemscope=\"itemscope\" itemtype=\"https:\/\/schema.org\/ImageObject\" ><div class='av-hotspot-container'><div class='av-hotspot-container-inner-cell'><div class='av-hotspot-container-inner-wrap'><div class='av-image-hotspot av-21wwc-ad609f8fdbe3fd8c2dbd52ffa70b0ab2 av-image-hotspot-1 ' data-avia-tooltip-position='top' data-avia-tooltip-alignment='left' data-avia-tooltip-class='av-tt-default-width av-tt-pos-above av-tt-align-left  av-mobile-fallback-active  main_color av-tt-hotspot' data-avia-tooltip='&lt;p&gt;USD Hamminkeln&lt;\/p&gt;\n'><a href=https:\/\/usd-hamminkeln.de\/  target=\"_blank\"  rel=\"noopener noreferrer\" class='av-image-hotspot_inner'>1<\/a><div class='av-image-hotspot-pulse'><\/div><\/div><div class='av-image-hotspot av-1htwk-85faff39d25793234ea246ca6e57573e av-image-hotspot-2 ' data-avia-tooltip-position='top' data-avia-tooltip-alignment='left' data-avia-tooltip-class='av-tt-default-width av-tt-pos-above av-tt-align-left  av-mobile-fallback-active  main_color av-tt-hotspot' data-avia-tooltip='&lt;p&gt;BFM Schermbeck&lt;\/p&gt;\n'><a href=http:\/\/bfb-schermbeck.de\/  target=\"_blank\"  rel=\"noopener noreferrer\" class='av-image-hotspot_inner'>2<\/a><div class='av-image-hotspot-pulse'><\/div><\/div><div class='av-image-hotspot av-140u4-52e6b7e80fe8c4e079d03a284c9e04e3 av-image-hotspot-3 ' data-avia-tooltip-position='top' data-avia-tooltip-alignment='left' data-avia-tooltip-class='av-tt-default-width av-tt-pos-above av-tt-align-left  av-mobile-fallback-active  main_color av-tt-hotspot' data-avia-tooltip='&lt;p&gt;E&lt;a href=&quot;http:\/\/engagierte-buerger-huenxe.de\/&quot;&gt;BH H\u00fcnxe&lt;\/a&gt;&lt;\/p&gt;\n'><a href=http:\/\/engagierte-buerger-huenxe.de\/  target=\"_blank\"  rel=\"noopener noreferrer\" class='av-image-hotspot_inner'>3<\/a><div class='av-image-hotspot-pulse'><\/div><\/div><div class='av-image-hotspot av-3olbk-1cec36d81ed7b63de505cca7651dbeaa av-image-hotspot-4 ' data-avia-tooltip-position='top' data-avia-tooltip-alignment='left' data-avia-tooltip-class='av-tt-default-width av-tt-pos-above av-tt-align-left  av-mobile-fallback-active  main_color av-tt-hotspot' data-avia-tooltip='&lt;p&gt;WGV Voerde&lt;\/p&gt;\n'><a href=https:\/\/waehlergemeinschaft-voerde.de\/  target=\"_blank\"  rel=\"noopener noreferrer\" class='av-image-hotspot_inner'>4<\/a><div class='av-image-hotspot-pulse'><\/div><\/div><div class='av-image-hotspot av-3hb1w-b3db110c9c3a19dbd23533ed7e2ff9b2 av-image-hotspot-5 ' data-avia-tooltip-position='top' data-avia-tooltip-alignment='left' data-avia-tooltip-class='av-tt-default-width av-tt-pos-above av-tt-align-left  av-mobile-fallback-active  main_color av-tt-hotspot' data-avia-tooltip='&lt;p&gt;BiS-Sonsbeck&lt;\/p&gt;\n'><a href=http:\/\/bis-sonsbeck.de\/  target=\"_blank\"  rel=\"noopener noreferrer\" class='av-image-hotspot_inner'>5<\/a><div class='av-image-hotspot-pulse'><\/div><\/div><div class='av-image-hotspot av-2inag-de86cf9941ae7664527b2037e50f90f9 av-image-hotspot-6 ' data-avia-tooltip-position='top' data-avia-tooltip-alignment='left' data-avia-tooltip-class='av-tt-default-width av-tt-pos-above av-tt-align-left  av-mobile-fallback-active  main_color av-tt-hotspot' data-avia-tooltip='&lt;p&gt;UWG Moers&lt;\/p&gt;\n'><a href=http:\/\/uwgmoers.blogspot.com\/  target=\"_blank\"  rel=\"noopener noreferrer\" class='av-image-hotspot_inner'>6<\/a><div class='av-image-hotspot-pulse'><\/div><\/div><div class='av-image-hotspot av-23fao-526f381a18518794f6852c621a68c61e av-image-hotspot-7 ' data-avia-tooltip-position='top' data-avia-tooltip-alignment='left' data-avia-tooltip-class='av-tt-default-width av-tt-pos-above av-tt-align-left  av-mobile-fallback-active  main_color av-tt-hotspot' data-avia-tooltip='&lt;p&gt;FBI Xanten&lt;\/p&gt;\n'><div class='av-image-hotspot_inner'>7<\/div><div class='av-image-hotspot-pulse'><\/div><\/div><div class='av-image-hotspot av-1a724-87b079a16eee910256248beaa4e42b12 av-image-hotspot-8 ' data-avia-tooltip-position='top' data-avia-tooltip-alignment='left' data-avia-tooltip-class='av-tt-default-width av-tt-pos-above av-tt-align-left  av-mobile-fallback-active  main_color av-tt-hotspot' data-avia-tooltip='&lt;p&gt;UWG Wesel&lt;\/p&gt;\n'><div class='av-image-hotspot_inner'>8<\/div><div class='av-image-hotspot-pulse'><\/div><\/div><div class='av-image-hotspot av-140ok-14636a091c6ae9514560db9a0391c3a7 av-image-hotspot-9 ' data-avia-tooltip-position='top' data-avia-tooltip-alignment='left' data-avia-tooltip-class='av-tt-default-width av-tt-pos-above av-tt-align-left  av-mobile-fallback-active  main_color av-tt-hotspot' data-avia-tooltip='&lt;p&gt;AWG Dinslaken&lt;\/p&gt;\n'><div class='av-image-hotspot_inner'>9<\/div><div class='av-image-hotspot-pulse'><\/div><\/div><img decoding=\"async\" fetchpriority=\"high\" class='wp-image-55 avia-img-lazy-loading-not-55 avia_image' src=\"https:\/\/awg-dinslaken.de\/wp-content\/uploads\/2020\/04\/Karte-Kreis-Wesel-mit-Orten3.png\" alt='' title='Karte-Kreis-Wesel-mit-Orten3'  height=\"1024\" width=\"1024\"  itemprop=\"thumbnailUrl\" srcset=\"https:\/\/awg-dinslaken.de\/wp-content\/uploads\/2020\/04\/Karte-Kreis-Wesel-mit-Orten3.png 1024w, https:\/\/awg-dinslaken.de\/wp-content\/uploads\/2020\/04\/Karte-Kreis-Wesel-mit-Orten3-300x300.png 300w, https:\/\/awg-dinslaken.de\/wp-content\/uploads\/2020\/04\/Karte-Kreis-Wesel-mit-Orten3-80x80.png 80w, https:\/\/awg-dinslaken.de\/wp-content\/uploads\/2020\/04\/Karte-Kreis-Wesel-mit-Orten3-768x768.png 768w, https:\/\/awg-dinslaken.de\/wp-content\/uploads\/2020\/04\/Karte-Kreis-Wesel-mit-Orten3-36x36.png 36w, https:\/\/awg-dinslaken.de\/wp-content\/uploads\/2020\/04\/Karte-Kreis-Wesel-mit-Orten3-180x180.png 180w, https:\/\/awg-dinslaken.de\/wp-content\/uploads\/2020\/04\/Karte-Kreis-Wesel-mit-Orten3-705x705.png 705w\" sizes=\"(max-width: 1024px) 100vw, 1024px\" \/><\/div><\/div><\/div><div class='av-hotspot-fallback-tooltip av-image-hotspot-1 '><div class=\"av-hotspot-fallback-tooltip-count\">1<div class=\"avia-arrow\"><\/div><\/div><div class=\"av-hotspot-fallback-tooltip-inner clearfix\"><p>\nUSD Hamminkeln<\/p>\n<\/div><\/div><div class='av-hotspot-fallback-tooltip av-image-hotspot-2 '><div class=\"av-hotspot-fallback-tooltip-count\">2<div class=\"avia-arrow\"><\/div><\/div><div class=\"av-hotspot-fallback-tooltip-inner clearfix\"><p>\nBFM Schermbeck<\/p>\n<\/div><\/div><div class='av-hotspot-fallback-tooltip av-image-hotspot-3 '><div class=\"av-hotspot-fallback-tooltip-count\">3<div class=\"avia-arrow\"><\/div><\/div><div class=\"av-hotspot-fallback-tooltip-inner clearfix\"><p>\nE<a href=\"http:\/\/engagierte-buerger-huenxe.de\/\">BH H\u00fcnxe<\/a><\/p>\n<\/div><\/div><div class='av-hotspot-fallback-tooltip av-image-hotspot-4 '><div class=\"av-hotspot-fallback-tooltip-count\">4<div class=\"avia-arrow\"><\/div><\/div><div class=\"av-hotspot-fallback-tooltip-inner clearfix\"><p>\nWGV Voerde<\/p>\n<\/div><\/div><div class='av-hotspot-fallback-tooltip av-image-hotspot-5 '><div class=\"av-hotspot-fallback-tooltip-count\">5<div class=\"avia-arrow\"><\/div><\/div><div class=\"av-hotspot-fallback-tooltip-inner clearfix\"><p>\nBiS-Sonsbeck<\/p>\n<\/div><\/div><div class='av-hotspot-fallback-tooltip av-image-hotspot-6 '><div class=\"av-hotspot-fallback-tooltip-count\">6<div class=\"avia-arrow\"><\/div><\/div><div class=\"av-hotspot-fallback-tooltip-inner clearfix\"><p>\nUWG Moers<\/p>\n<\/div><\/div><div class='av-hotspot-fallback-tooltip av-image-hotspot-7 '><div class=\"av-hotspot-fallback-tooltip-count\">7<div class=\"avia-arrow\"><\/div><\/div><div class=\"av-hotspot-fallback-tooltip-inner clearfix\"><p>\nFBI Xanten<\/p>\n<\/div><\/div><div class='av-hotspot-fallback-tooltip av-image-hotspot-8 '><div class=\"av-hotspot-fallback-tooltip-count\">8<div class=\"avia-arrow\"><\/div><\/div><div class=\"av-hotspot-fallback-tooltip-inner clearfix\"><p>\nUWG Wesel<\/p>\n<\/div><\/div><div class='av-hotspot-fallback-tooltip av-image-hotspot-9 '><div class=\"av-hotspot-fallback-tooltip-count\">9<div class=\"avia-arrow\"><\/div><\/div><div class=\"av-hotspot-fallback-tooltip-inner clearfix\"><p>\nAWG Dinslaken<\/p>\n<\/div><\/div><\/div><\/div>\n<style type=\"text\/css\" data-created_by=\"avia_inline_auto\" id=\"style-css-av-rupw-2-ddbff096930aa13201a4fd7ad0d4e288\">\n.flex_column.av-rupw-2-ddbff096930aa13201a4fd7ad0d4e288{\nborder-radius:0px 0px 0px 0px;\npadding:0px 0px 0px 0px;\n}\n<\/style>\n<div  class='flex_column av-rupw-2-ddbff096930aa13201a4fd7ad0d4e288 av_two_third  avia-builder-el-10  el_after_av_one_third  avia-builder-el-last  flex_column_div av-zero-column-padding  '     ><p>\n<style type=\"text\/css\" data-created_by=\"avia_inline_auto\" id=\"style-css-av-k9cw6a2b-3-9fc7e33cab3182829ea774dec091fbce\">\n#top .av_textblock_section.av-k9cw6a2b-3-9fc7e33cab3182829ea774dec091fbce .avia_textblock{\nfont-size:30px;\ncolor:#020202;\n}\n<\/style>\n<section  class='av_textblock_section av-k9cw6a2b-3-9fc7e33cab3182829ea774dec091fbce '   itemscope=\"itemscope\" itemtype=\"https:\/\/schema.org\/CreativeWork\" ><div class='avia_textblock av_inherit_color'  itemprop=\"text\" ><p><a href=\"https:\/\/www.uwg-kreis-wesel.de\/\" target=\"_blank\" rel=\"noopener\"><img loading=\"lazy\" decoding=\"async\" class=\"alignnone wp-image-1281 \" src=\"https:\/\/awg-dinslaken.de\/wp-content\/uploads\/2025\/05\/Logo_UWG-gross-300x138.jpg\" alt=\"\" width=\"297\" height=\"137\" srcset=\"https:\/\/awg-dinslaken.de\/wp-content\/uploads\/2025\/05\/Logo_UWG-gross-300x138.jpg 300w, https:\/\/awg-dinslaken.de\/wp-content\/uploads\/2025\/05\/Logo_UWG-gross-1030x473.jpg 1030w, https:\/\/awg-dinslaken.de\/wp-content\/uploads\/2025\/05\/Logo_UWG-gross-768x352.jpg 768w, https:\/\/awg-dinslaken.de\/wp-content\/uploads\/2025\/05\/Logo_UWG-gross-1536x705.jpg 1536w, https:\/\/awg-dinslaken.de\/wp-content\/uploads\/2025\/05\/Logo_UWG-gross-2048x940.jpg 2048w, https:\/\/awg-dinslaken.de\/wp-content\/uploads\/2025\/05\/Logo_UWG-gross-1500x688.jpg 1500w, https:\/\/awg-dinslaken.de\/wp-content\/uploads\/2025\/05\/Logo_UWG-gross-705x324.jpg 705w\" sizes=\"auto, (max-width: 297px) 100vw, 297px\" \/><\/a><\/p>\n<p>Wir\u00a0 sind Mitglied im <a href=\"https:\/\/www.uwg-kreis-wesel.de\/\" target=\"_blank\" rel=\"noopener\"><strong>Kreisverband der Unabh\u00e4ngige W\u00e4hlergemeinschaften\u00a0im Kreis Wese<\/strong><\/a>l und arbeiten dort gut und gerne mit den anderen W\u00e4hlergemeinschaften zusammen.<strong><br \/>\n<\/strong><\/p>\n<\/div><\/section><br \/>\n\n<style type=\"text\/css\" data-created_by=\"avia_inline_auto\" id=\"style-css-av-k9cw6a2b-1-19e5dfb4cb8768db25f7fcda6e4bd70c\">\n#top .av_textblock_section.av-k9cw6a2b-1-19e5dfb4cb8768db25f7fcda6e4bd70c .avia_textblock{\nfont-size:24px;\ncolor:#020202;\n}\n<\/style>\n<section  class='av_textblock_section av-k9cw6a2b-1-19e5dfb4cb8768db25f7fcda6e4bd70c '   itemscope=\"itemscope\" itemtype=\"https:\/\/schema.org\/CreativeWork\" ><div class='avia_textblock av_inherit_color'  itemprop=\"text\" ><p><strong>WGV<\/strong> Voerde &#8211; <strong>USD<\/strong> Hamminkeln &#8211; <strong>FBI<\/strong> Xanten &#8211; <strong>UWG<\/strong> Wesel &#8211; <strong>BfB<\/strong> Schermbeck &#8211; <strong>UWH<\/strong> H\u00fcnxe &#8211; <strong>BiS<\/strong> Sonsbeck &#8211; <strong>EBH<\/strong> H\u00fcnxe &#8211; <strong>UWG<\/strong> Moers<\/p>\n<\/div><\/section><\/p><\/div>\n\n<div  class='avia-button-wrap avia-button-center  avia-builder-el-13  el_after_av_section  el_before_av_hr '>\n<style type=\"text\/css\" data-created_by=\"avia_inline_auto\" id=\"style-css-av-k9d2lwep-a4a16fcf9ef413c73d61a2706587d850\">\n#top #wrap_all .avia-button.av-k9d2lwep-a4a16fcf9ef413c73d61a2706587d850{\ncolor:#ffffff;\ntransition:all 0.4s ease-in-out;\n}\n#top #wrap_all .avia-button.av-k9d2lwep-a4a16fcf9ef413c73d61a2706587d850:hover{\ncolor:#ffffff;\ntransition:all 0.4s ease-in-out;\n}\n#top #wrap_all .avia-button.av-k9d2lwep-a4a16fcf9ef413c73d61a2706587d850 .avia-svg-icon svg:first-child{\nfill:#ffffff;\nstroke:#ffffff;\n}\n#top #wrap_all .avia-button.av-k9d2lwep-a4a16fcf9ef413c73d61a2706587d850:hover .avia-svg-icon svg:first-child{\nfill:#ffffff;\nstroke:#ffffff;\n}\n<\/style>\n<a href='https:\/\/awg-dinslaken.de\/start\/kontakt-2' class='avia-color-theme-color avia-button avia-button-fullwidth av-k9d2lwep-a4a16fcf9ef413c73d61a2706587d850 avia-icon_select-no avia-color-theme-color'   aria-label=\"Der Klick-Kontakt zu uns. Mailen Sie uns, auf welchem Gebiet Sie sich engagieren m\u00f6chten.\"><span class='avia_iconbox_title' >Der Klick-Kontakt zu uns. Mailen Sie uns, auf welchem Gebiet Sie sich engagieren m\u00f6chten.<\/span><span class='avia_button_background avia-button avia-button-fullwidth avia-color-theme-color-highlight'><\/span><\/a><\/div>\n\n<style type=\"text\/css\" data-created_by=\"avia_inline_auto\" id=\"style-css-av-k9cylyo0-07a4bcfb62c994bc82ad5f0b34857550\">\n#top .hr.hr-invisible.av-k9cylyo0-07a4bcfb62c994bc82ad5f0b34857550{\nheight:25px;\n}\n<\/style>\n<div  class='hr av-k9cylyo0-07a4bcfb62c994bc82ad5f0b34857550 hr-invisible  avia-builder-el-14  el_after_av_button_big  avia-builder-el-no-sibling '><span class='hr-inner '><span class=\"hr-inner-style\"><\/span><\/span><\/div>\n","protected":false},"excerpt":{"rendered":"","protected":false},"author":1,"featured_media":0,"parent":0,"menu_order":0,"comment_status":"closed","ping_status":"closed","template":"","meta":{"footnotes":""},"class_list":["post-24","page","type-page","status-publish","hentry"],"_links":{"self":[{"href":"https:\/\/awg-dinslaken.de\/start\/wp-json\/wp\/v2\/pages\/24","targetHints":{"allow":["GET"]}}],"collection":[{"href":"https:\/\/awg-dinslaken.de\/start\/wp-json\/wp\/v2\/pages"}],"about":[{"href":"https:\/\/awg-dinslaken.de\/start\/wp-json\/wp\/v2\/types\/page"}],"author":[{"embeddable":true,"href":"https:\/\/awg-dinslaken.de\/start\/wp-json\/wp\/v2\/users\/1"}],"replies":[{"embeddable":true,"href":"https:\/\/awg-dinslaken.de\/start\/wp-json\/wp\/v2\/comments?post=24"}],"version-history":[{"count":85,"href":"https:\/\/awg-dinslaken.de\/start\/wp-json\/wp\/v2\/pages\/24\/revisions"}],"predecessor-version":[{"id":1365,"href":"https:\/\/awg-dinslaken.de\/start\/wp-json\/wp\/v2\/pages\/24\/revisions\/1365"}],"wp:attachment":[{"href":"https:\/\/awg-dinslaken.de\/start\/wp-json\/wp\/v2\/media?parent=24"}],"curies":[{"name":"wp","href":"https:\/\/api.w.org\/{rel}","templated":true}]}}