{"id":626,"date":"2021-01-04T14:28:17","date_gmt":"2021-01-04T14:28:17","guid":{"rendered":"https:\/\/awg-dinslaken.de\/?page_id=626"},"modified":"2025-11-29T19:49:58","modified_gmt":"2025-11-29T19:49:58","slug":"ausschussmitglieder","status":"publish","type":"page","link":"https:\/\/awg-dinslaken.de\/start\/ausschussmitglieder","title":{"rendered":"Ausschussmitglieder"},"content":{"rendered":"<div id='layer_slider_1'  class='avia-layerslider main_color avia-shadow  avia-builder-el-0  el_before_av_heading  avia-builder-el-first  container_wrap fullsize'  style='height: 161px; max-width: 1280px; margin: 0 auto;'  ><\/div><div id='after_layer_slider_1'  class='main_color av_default_container_wrap container_wrap fullsize'  ><div class='container av-section-cont-open' ><div class='template-page content  av-content-full alpha units'><div class='post-entry post-entry-type-page post-entry-626'><div class='entry-content-wrapper clearfix'>\n\n<style type=\"text\/css\" data-created_by=\"avia_inline_auto\" id=\"style-css-av-a4iea-fb4c43a065808eca453e2ab854abe142\">\n#top .av-special-heading.av-a4iea-fb4c43a065808eca453e2ab854abe142{\npadding-bottom:10px;\nfont-size:38px;\n}\nbody .av-special-heading.av-a4iea-fb4c43a065808eca453e2ab854abe142 .av-special-heading-tag .heading-char{\nfont-size:25px;\n}\n#top #wrap_all .av-special-heading.av-a4iea-fb4c43a065808eca453e2ab854abe142 .av-special-heading-tag{\nfont-size:38px;\n}\n.av-special-heading.av-a4iea-fb4c43a065808eca453e2ab854abe142 .av-subheading{\nfont-size:15px;\n}\n\n@media only screen and (min-width: 480px) and (max-width: 767px){ \n#top #wrap_all .av-special-heading.av-a4iea-fb4c43a065808eca453e2ab854abe142 .av-special-heading-tag{\nfont-size:0.8em;\n}\n}\n\n@media only screen and (max-width: 479px){ \n#top #wrap_all .av-special-heading.av-a4iea-fb4c43a065808eca453e2ab854abe142 .av-special-heading-tag{\nfont-size:0.8em;\n}\n}\n<\/style>\n<div  class='av-special-heading av-a4iea-fb4c43a065808eca453e2ab854abe142 av-special-heading-h5 blockquote modern-quote modern-centered  avia-builder-el-1  el_after_av_layerslider  el_before_av_one_fourth  avia-builder-el-first  av-inherit-size'><h5 class='av-special-heading-tag '  itemprop=\"headline\"  >AUSSCHUSSMITGLIEDER<\/h5><div class=\"special-heading-border\"><div class=\"special-heading-inner-border\"><\/div><\/div><\/div>\n\n<style type=\"text\/css\" data-created_by=\"avia_inline_auto\" id=\"style-css-av-169yt-6efbadcccbbd6beb6b63df77c064a55c\">\n.flex_column.av-169yt-6efbadcccbbd6beb6b63df77c064a55c{\nborder-radius:0px 0px 0px 0px;\npadding:0px 0px 0px 0px;\n}\n<\/style>\n<div  class='flex_column av-169yt-6efbadcccbbd6beb6b63df77c064a55c av_one_fourth  avia-builder-el-2  el_after_av_heading  el_before_av_one_fourth  first flex_column_div av-zero-column-padding  '     ><p>\n<style type=\"text\/css\" data-created_by=\"avia_inline_auto\" id=\"style-css-av-kiw92e7a-d41b10a67f5b769033ebc3931c27bff3\">\n.avia-image-container.av-kiw92e7a-d41b10a67f5b769033ebc3931c27bff3 img.avia_image{\nbox-shadow:none;\n}\n.avia-image-container.av-kiw92e7a-d41b10a67f5b769033ebc3931c27bff3 .av-image-caption-overlay-center{\ncolor:#ffffff;\n}\n<\/style>\n<div  class='avia-image-container av-kiw92e7a-d41b10a67f5b769033ebc3931c27bff3 av-styling- avia-align-left  avia-builder-el-3  el_before_av_textblock  avia-builder-el-first '   itemprop=\"image\" itemscope=\"itemscope\" itemtype=\"https:\/\/schema.org\/ImageObject\" ><div class=\"avia-image-container-inner\"><div class=\"avia-image-overlay-wrap\"><img decoding=\"async\" fetchpriority=\"high\" class='wp-image-1042 avia-img-lazy-loading-not-1042 avia_image ' src=\"https:\/\/awg-dinslaken.de\/wp-content\/uploads\/2024\/05\/Entes_Uemit-845x684.jpg\" alt='' title='Entes_Uemit'  height=\"684\" width=\"845\"  itemprop=\"thumbnailUrl\" srcset=\"https:\/\/awg-dinslaken.de\/wp-content\/uploads\/2024\/05\/Entes_Uemit-845x684.jpg 845w, https:\/\/awg-dinslaken.de\/wp-content\/uploads\/2024\/05\/Entes_Uemit-495x400.jpg 495w\" sizes=\"(max-width: 845px) 100vw, 845px\" \/><\/div><\/div><\/div><br \/>\n<section  class='av_textblock_section av-kid6s8u6-fb6fbe93ce7bd11df6e9f80342e4dce0 '   itemscope=\"itemscope\" itemtype=\"https:\/\/schema.org\/CreativeWork\" ><div class='avia_textblock'  itemprop=\"text\" ><h2><span style=\"color: #808000;\"><strong>\u00dcmit Entes\u00a0<\/strong><\/span><\/h2>\n<p>Fraktionsvorsitzender<\/p>\n<p><span style=\"color: #808000;\"><strong>Rat:<\/strong><\/span><\/p>\n<ul>\n<li>Stadtrat<\/li>\n<\/ul>\n<\/div><\/section><\/p><\/div>\n<style type=\"text\/css\" data-created_by=\"avia_inline_auto\" id=\"style-css-av-tqdnu-487b9f9d39f3ce451f3788ca0edb22b3\">\n.flex_column.av-tqdnu-487b9f9d39f3ce451f3788ca0edb22b3{\nborder-radius:0px 0px 0px 0px;\npadding:0px 0px 0px 0px;\n}\n<\/style>\n<div  class='flex_column av-tqdnu-487b9f9d39f3ce451f3788ca0edb22b3 av_one_fourth  avia-builder-el-5  el_after_av_one_fourth  el_before_av_one_fourth  flex_column_div av-zero-column-padding  '     ><p>\n<style type=\"text\/css\" data-created_by=\"avia_inline_auto\" id=\"style-css-av-mavemw6a-6445ea56677c758d61aa5303f6843222\">\n.avia-image-container.av-mavemw6a-6445ea56677c758d61aa5303f6843222 img.avia_image{\nbox-shadow:none;\n}\n.avia-image-container.av-mavemw6a-6445ea56677c758d61aa5303f6843222 .av-image-caption-overlay-center{\ncolor:#ffffff;\n}\n<\/style>\n<div  class='avia-image-container av-mavemw6a-6445ea56677c758d61aa5303f6843222 av-styling- avia-align-left  avia-builder-el-6  el_before_av_textblock  avia-builder-el-first '   itemprop=\"image\" itemscope=\"itemscope\" itemtype=\"https:\/\/schema.org\/ImageObject\" ><div class=\"avia-image-container-inner\"><div class=\"avia-image-overlay-wrap\"><img decoding=\"async\" fetchpriority=\"high\" class='wp-image-1050 avia-img-lazy-loading-not-1050 avia_image ' src=\"https:\/\/awg-dinslaken.de\/wp-content\/uploads\/2024\/05\/Ugur_Remzi-495x400.jpg\" alt='' title='Ugur_Remzi'  height=\"400\" width=\"495\"  itemprop=\"thumbnailUrl\" srcset=\"https:\/\/awg-dinslaken.de\/wp-content\/uploads\/2024\/05\/Ugur_Remzi-495x400.jpg 495w, https:\/\/awg-dinslaken.de\/wp-content\/uploads\/2024\/05\/Ugur_Remzi-845x684.jpg 845w\" sizes=\"(max-width: 495px) 100vw, 495px\" \/><\/div><\/div><\/div><br \/>\n<section  class='av_textblock_section av-maven30c-ddc4bc7f9a5807333a748e60fbf88668 '   itemscope=\"itemscope\" itemtype=\"https:\/\/schema.org\/CreativeWork\" ><div class='avia_textblock'  itemprop=\"text\" ><h2><strong><span style=\"color: #808000;\">Remzi Ugur<\/span>\u00a0<\/strong><\/h2>\n<p>Stellv. Fraktionsvorsitzender<\/p>\n<p><span style=\"color: #808000;\"><strong>Rat:<\/strong><\/span><\/p>\n<ul>\n<li>Stadtrat<\/li>\n<\/ul>\n<\/div><\/section><\/p><\/div>\n<style type=\"text\/css\" data-created_by=\"avia_inline_auto\" id=\"style-css-av-kid7pk03-641e99e885b0ee3aa1d926c9ee213f1a\">\n.flex_column.av-kid7pk03-641e99e885b0ee3aa1d926c9ee213f1a{\nborder-radius:0px 0px 0px 0px;\npadding:0px 0px 0px 0px;\n}\n<\/style>\n<div  class='flex_column av-kid7pk03-641e99e885b0ee3aa1d926c9ee213f1a av_one_fourth  avia-builder-el-8  el_after_av_one_fourth  el_before_av_one_fourth  flex_column_div av-zero-column-padding  '     ><p>\n<style type=\"text\/css\" data-created_by=\"avia_inline_auto\" id=\"style-css-av-kjkd4y5v-1fcc2dccbc1351e4fc4adc7a2b9e16d7\">\n.avia-image-container.av-kjkd4y5v-1fcc2dccbc1351e4fc4adc7a2b9e16d7 img.avia_image{\nbox-shadow:none;\n}\n.avia-image-container.av-kjkd4y5v-1fcc2dccbc1351e4fc4adc7a2b9e16d7 .av-image-caption-overlay-center{\ncolor:#ffffff;\n}\n<\/style>\n<div  class='avia-image-container av-kjkd4y5v-1fcc2dccbc1351e4fc4adc7a2b9e16d7 av-styling- avia-align-left  avia-builder-el-9  el_before_av_textblock  avia-builder-el-first '   itemprop=\"image\" itemscope=\"itemscope\" itemtype=\"https:\/\/schema.org\/ImageObject\" ><div class=\"avia-image-container-inner\"><div class=\"avia-image-overlay-wrap\"><img decoding=\"async\" fetchpriority=\"high\" class='wp-image-1048 avia-img-lazy-loading-not-1048 avia_image ' src=\"https:\/\/awg-dinslaken.de\/wp-content\/uploads\/2024\/05\/Tuncel_Turhan-845x684.jpg\" alt='' title='Tuncel_Turhan'  height=\"684\" width=\"845\"  itemprop=\"thumbnailUrl\" srcset=\"https:\/\/awg-dinslaken.de\/wp-content\/uploads\/2024\/05\/Tuncel_Turhan-845x684.jpg 845w, https:\/\/awg-dinslaken.de\/wp-content\/uploads\/2024\/05\/Tuncel_Turhan-495x400.jpg 495w\" sizes=\"(max-width: 845px) 100vw, 845px\" \/><\/div><\/div><\/div><br \/>\n<section  class='av_textblock_section av-kid8097t-8f6cdb6a6518a1129357c629a4b812c7 '   itemscope=\"itemscope\" itemtype=\"https:\/\/schema.org\/CreativeWork\" ><div class='avia_textblock'  itemprop=\"text\" ><h2><span style=\"color: #808000;\"><strong>Turhan Tuncel\u00a0<\/strong><\/span><\/h2>\n<p>Vorsitzender AWG Dinslaken<\/p>\n<p><span style=\"color: #808000;\"><strong>Rat:<\/strong><\/span><\/p>\n<\/div><\/section><\/p><\/div>\n<style type=\"text\/css\" data-created_by=\"avia_inline_auto\" id=\"style-css-av-7676-49608428aa6cd36de53d2bbc8518b219\">\n.flex_column.av-7676-49608428aa6cd36de53d2bbc8518b219{\nborder-radius:0px 0px 0px 0px;\npadding:0px 0px 0px 0px;\n}\n<\/style>\n<div  class='flex_column av-7676-49608428aa6cd36de53d2bbc8518b219 av_one_fourth  avia-builder-el-11  el_after_av_one_fourth  el_before_av_one_fourth  flex_column_div av-zero-column-padding  '     ><p>\n<style type=\"text\/css\" data-created_by=\"avia_inline_auto\" id=\"style-css-av-1h1fm-e5cacede4b6122cb4166b762845c486a\">\n.avia-image-container.av-1h1fm-e5cacede4b6122cb4166b762845c486a img.avia_image{\nbox-shadow:none;\n}\n.avia-image-container.av-1h1fm-e5cacede4b6122cb4166b762845c486a .av-image-caption-overlay-center{\ncolor:#ffffff;\n}\n<\/style>\n<div  class='avia-image-container av-1h1fm-e5cacede4b6122cb4166b762845c486a av-styling- avia-align-left  avia-builder-el-12  el_before_av_textblock  avia-builder-el-first '   itemprop=\"image\" itemscope=\"itemscope\" itemtype=\"https:\/\/schema.org\/ImageObject\" ><div class=\"avia-image-container-inner\"><div class=\"avia-image-overlay-wrap\"><img decoding=\"async\" fetchpriority=\"high\" class='wp-image-1254 avia-img-lazy-loading-not-1254 avia_image ' src=\"https:\/\/awg-dinslaken.de\/wp-content\/uploads\/2025\/05\/2-495x400.jpg\" alt='' title='2'  height=\"400\" width=\"495\"  itemprop=\"thumbnailUrl\" srcset=\"https:\/\/awg-dinslaken.de\/wp-content\/uploads\/2025\/05\/2-495x400.jpg 495w, https:\/\/awg-dinslaken.de\/wp-content\/uploads\/2025\/05\/2-845x684.jpg 845w\" sizes=\"(max-width: 495px) 100vw, 495px\" \/><\/div><\/div><\/div><br \/>\n<section  class='av_textblock_section av-a47le-2808a9936bf02d0545d29036ea2f1c93 '   itemscope=\"itemscope\" itemtype=\"https:\/\/schema.org\/CreativeWork\" ><div class='avia_textblock'  itemprop=\"text\" ><h2><span style=\"color: #808000;\"><strong>Ulrich Kemmerling\u00a0<\/strong><\/span><\/h2>\n<p>Stellv. Vorsitzender AWG Dinslaken<\/p>\n<p>Stellv. Fraktionsgesch\u00e4ftsf\u00fchrer<\/p>\n<p><span style=\"color: #808000;\"><strong>Rat:<\/strong><\/span><\/p>\n<\/div><\/section><\/p><\/div>\n<style type=\"text\/css\" data-created_by=\"avia_inline_auto\" id=\"style-css-av-k14cy-f22de3084e354fe6a58940c9a7f2bbd6\">\n.flex_column.av-k14cy-f22de3084e354fe6a58940c9a7f2bbd6{\nborder-radius:0px 0px 0px 0px;\npadding:0px 0px 0px 0px;\n}\n<\/style>\n<div  class='flex_column av-k14cy-f22de3084e354fe6a58940c9a7f2bbd6 av_one_fourth  avia-builder-el-14  el_after_av_one_fourth  el_before_av_one_fourth  first flex_column_div av-zero-column-padding  column-top-margin'     ><p>\n<style type=\"text\/css\" data-created_by=\"avia_inline_auto\" id=\"style-css-av-lwdieils-5750a819c8d1a8398cf7922019302b8e\">\n.avia-image-container.av-lwdieils-5750a819c8d1a8398cf7922019302b8e img.avia_image{\nbox-shadow:none;\n}\n.avia-image-container.av-lwdieils-5750a819c8d1a8398cf7922019302b8e .av-image-caption-overlay-center{\ncolor:#ffffff;\n}\n<\/style>\n<div  class='avia-image-container av-lwdieils-5750a819c8d1a8398cf7922019302b8e av-styling- avia-align-left  avia-builder-el-15  el_before_av_textblock  avia-builder-el-first '   itemprop=\"image\" itemscope=\"itemscope\" itemtype=\"https:\/\/schema.org\/ImageObject\" ><div class=\"avia-image-container-inner\"><div class=\"avia-image-overlay-wrap\"><img decoding=\"async\" fetchpriority=\"high\" class='wp-image-1033 avia-img-lazy-loading-not-1033 avia_image ' src=\"https:\/\/awg-dinslaken.de\/wp-content\/uploads\/2024\/05\/Acabuga_Ali-845x684.jpg\" alt='' title='Acabuga_Ali'  height=\"684\" width=\"845\"  itemprop=\"thumbnailUrl\" srcset=\"https:\/\/awg-dinslaken.de\/wp-content\/uploads\/2024\/05\/Acabuga_Ali-845x684.jpg 845w, https:\/\/awg-dinslaken.de\/wp-content\/uploads\/2024\/05\/Acabuga_Ali-495x400.jpg 495w\" sizes=\"(max-width: 845px) 100vw, 845px\" \/><\/div><\/div><\/div><br \/>\n<section  class='av_textblock_section av-lwdig0lo-0cc98019fe6a3283dbc012e66b09d5b6 '   itemscope=\"itemscope\" itemtype=\"https:\/\/schema.org\/CreativeWork\" ><div class='avia_textblock'  itemprop=\"text\" ><h2><span style=\"color: #808000;\"><strong>Ali Acabuga<\/strong><\/span><\/h2>\n<p>Fraktionsgesch\u00e4ftsf\u00fchrer<\/p>\n<p>Pressesprecher<\/p>\n<p><span style=\"color: #808000;\"><strong>Rat:<\/strong><\/span><\/p>\n<\/div><\/section><\/p><\/div>\n<style type=\"text\/css\" data-created_by=\"avia_inline_auto\" id=\"style-css-av-e7ovx-a840c637e427d6fbd6637495860f1631\">\n.flex_column.av-e7ovx-a840c637e427d6fbd6637495860f1631{\nborder-radius:0px 0px 0px 0px;\npadding:0px 0px 0px 0px;\n}\n<\/style>\n<div  class='flex_column av-e7ovx-a840c637e427d6fbd6637495860f1631 av_one_fourth  avia-builder-el-17  el_after_av_one_fourth  el_before_av_one_fourth  flex_column_div av-zero-column-padding  column-top-margin'     ><p>\n<style type=\"text\/css\" data-created_by=\"avia_inline_auto\" id=\"style-css-av-kjkd6bad-c68570f05c3aa3268660cd78b35df8f7\">\n.avia-image-container.av-kjkd6bad-c68570f05c3aa3268660cd78b35df8f7 img.avia_image{\nbox-shadow:none;\n}\n.avia-image-container.av-kjkd6bad-c68570f05c3aa3268660cd78b35df8f7 .av-image-caption-overlay-center{\ncolor:#ffffff;\n}\n<\/style>\n<div  class='avia-image-container av-kjkd6bad-c68570f05c3aa3268660cd78b35df8f7 av-styling- avia-align-left  avia-builder-el-18  el_before_av_textblock  avia-builder-el-first '   itemprop=\"image\" itemscope=\"itemscope\" itemtype=\"https:\/\/schema.org\/ImageObject\" ><div class=\"avia-image-container-inner\"><div class=\"avia-image-overlay-wrap\"><img decoding=\"async\" fetchpriority=\"high\" class='wp-image-1046 avia-img-lazy-loading-not-1046 avia_image ' src=\"https:\/\/awg-dinslaken.de\/wp-content\/uploads\/2024\/05\/Tunca_Sami-845x684.jpg\" alt='' title='Tunca_Sami'  height=\"684\" width=\"845\"  itemprop=\"thumbnailUrl\" srcset=\"https:\/\/awg-dinslaken.de\/wp-content\/uploads\/2024\/05\/Tunca_Sami-845x684.jpg 845w, https:\/\/awg-dinslaken.de\/wp-content\/uploads\/2024\/05\/Tunca_Sami-495x400.jpg 495w\" sizes=\"(max-width: 845px) 100vw, 845px\" \/><\/div><\/div><\/div><br \/>\n<section  class='av_textblock_section av-kitcv31f-58101781b63157a38fdbf15b7d63b44f '   itemscope=\"itemscope\" itemtype=\"https:\/\/schema.org\/CreativeWork\" ><div class='avia_textblock'  itemprop=\"text\" ><h2><span style=\"color: #808000;\"><strong>Sami Tunca<\/strong><\/span><\/h2>\n<p>Kassenpr\u00fcfer<\/p>\n<p><span style=\"color: #808000;\"><strong>Rat:<\/strong><\/span><\/p>\n<\/div><\/section><\/p><\/div>\n<style type=\"text\/css\" data-created_by=\"avia_inline_auto\" id=\"style-css-av-83fzu-df59038d46a4c49a56ba4fb9eda5aa06\">\n.flex_column.av-83fzu-df59038d46a4c49a56ba4fb9eda5aa06{\nborder-radius:0px 0px 0px 0px;\npadding:0px 0px 0px 0px;\n}\n<\/style>\n<div  class='flex_column av-83fzu-df59038d46a4c49a56ba4fb9eda5aa06 av_one_fourth  avia-builder-el-20  el_after_av_one_fourth  el_before_av_one_fourth  flex_column_div av-zero-column-padding  column-top-margin'     ><p>\n<style type=\"text\/css\" data-created_by=\"avia_inline_auto\" id=\"style-css-av-mauqwr95-4657f1fe0b58715107e35e41204e9487\">\n.avia-image-container.av-mauqwr95-4657f1fe0b58715107e35e41204e9487 img.avia_image{\nbox-shadow:none;\n}\n.avia-image-container.av-mauqwr95-4657f1fe0b58715107e35e41204e9487 .av-image-caption-overlay-center{\ncolor:#ffffff;\n}\n<\/style>\n<div  class='avia-image-container av-mauqwr95-4657f1fe0b58715107e35e41204e9487 av-styling- avia-align-left  avia-builder-el-21  el_before_av_textblock  avia-builder-el-first '   itemprop=\"image\" itemscope=\"itemscope\" itemtype=\"https:\/\/schema.org\/ImageObject\" ><div class=\"avia-image-container-inner\"><div class=\"avia-image-overlay-wrap\"><img decoding=\"async\" fetchpriority=\"high\" class='wp-image-1259 avia-img-lazy-loading-not-1259 avia_image ' src=\"https:\/\/awg-dinslaken.de\/wp-content\/uploads\/2025\/05\/3-845x684.jpg\" alt='' title='3'  height=\"684\" width=\"845\"  itemprop=\"thumbnailUrl\" srcset=\"https:\/\/awg-dinslaken.de\/wp-content\/uploads\/2025\/05\/3-845x684.jpg 845w, https:\/\/awg-dinslaken.de\/wp-content\/uploads\/2025\/05\/3-495x400.jpg 495w\" sizes=\"(max-width: 845px) 100vw, 845px\" \/><\/div><\/div><\/div><br \/>\n<section  class='av_textblock_section av-mauqxcwv-7e1d72dc3a486f44b7bccc8f446d392c '   itemscope=\"itemscope\" itemtype=\"https:\/\/schema.org\/CreativeWork\" ><div class='avia_textblock'  itemprop=\"text\" ><h2><span style=\"color: #808000;\"><strong>Hans-Michael Zons<\/strong><\/span><\/h2>\n<p>Kassenpr\u00fcfer<\/p>\n<p><span style=\"color: #808000;\"><strong>Rat:<\/strong><\/span><\/p>\n<\/div><\/section><\/p><\/div>\n<style type=\"text\/css\" data-created_by=\"avia_inline_auto\" id=\"style-css-av-mblhu-d3adb36d35455692681e029332a5a1c6\">\n.flex_column.av-mblhu-d3adb36d35455692681e029332a5a1c6{\nborder-radius:0px 0px 0px 0px;\npadding:0px 0px 0px 0px;\n}\n<\/style>\n<div  class='flex_column av-mblhu-d3adb36d35455692681e029332a5a1c6 av_one_fourth  avia-builder-el-23  el_after_av_one_fourth  el_before_av_one_fourth  flex_column_div av-zero-column-padding  column-top-margin'     ><p>\n<style type=\"text\/css\" data-created_by=\"avia_inline_auto\" id=\"style-css-av-mavenv2o-973524d7ab6052b7082ad445ba8419a7\">\n.avia-image-container.av-mavenv2o-973524d7ab6052b7082ad445ba8419a7 img.avia_image{\nbox-shadow:none;\n}\n.avia-image-container.av-mavenv2o-973524d7ab6052b7082ad445ba8419a7 .av-image-caption-overlay-center{\ncolor:#ffffff;\n}\n<\/style>\n<div  class='avia-image-container av-mavenv2o-973524d7ab6052b7082ad445ba8419a7 av-styling- avia-align-left  avia-builder-el-24  el_before_av_textblock  avia-builder-el-first '   itemprop=\"image\" itemscope=\"itemscope\" itemtype=\"https:\/\/schema.org\/ImageObject\" ><div class=\"avia-image-container-inner\"><div class=\"avia-image-overlay-wrap\"><img decoding=\"async\" fetchpriority=\"high\" class='wp-image-1267 avia-img-lazy-loading-not-1267 avia_image ' src=\"https:\/\/awg-dinslaken.de\/wp-content\/uploads\/2025\/05\/Dr.Senguel_Uezuem-Zons-495x400.jpg\" alt='' title='Dr.Senguel_Uezuem-Zons'  height=\"400\" width=\"495\"  itemprop=\"thumbnailUrl\" srcset=\"https:\/\/awg-dinslaken.de\/wp-content\/uploads\/2025\/05\/Dr.Senguel_Uezuem-Zons-495x400.jpg 495w, https:\/\/awg-dinslaken.de\/wp-content\/uploads\/2025\/05\/Dr.Senguel_Uezuem-Zons-845x684.jpg 845w\" sizes=\"(max-width: 495px) 100vw, 495px\" \/><\/div><\/div><\/div><br \/>\n<section  class='av_textblock_section av-maveo2jm-b94f4cb2e2ad217a634738aaa626cd88 '   itemscope=\"itemscope\" itemtype=\"https:\/\/schema.org\/CreativeWork\" ><div class='avia_textblock'  itemprop=\"text\" ><h2><span style=\"color: #808000;\"><strong>Dr. Seng\u00fcl \u00dcz\u00fcm-Zons\u00a0<\/strong><\/span><\/h2>\n<p>Beisitzerin<\/p>\n<p><span style=\"color: #808000;\"><strong>Rat:<\/strong><\/span><\/p>\n<\/div><\/section><\/p><\/div>\n<style type=\"text\/css\" data-created_by=\"avia_inline_auto\" id=\"style-css-av-8s8qq-84d2a604de57d382cde712212865c62a\">\n.flex_column.av-8s8qq-84d2a604de57d382cde712212865c62a{\nborder-radius:0px 0px 0px 0px;\npadding:0px 0px 0px 0px;\n}\n<\/style>\n<div  class='flex_column av-8s8qq-84d2a604de57d382cde712212865c62a av_one_fourth  avia-builder-el-26  el_after_av_one_fourth  el_before_av_one_fourth  first flex_column_div av-zero-column-padding  column-top-margin'     ><p>\n<style type=\"text\/css\" data-created_by=\"avia_inline_auto\" id=\"style-css-av-maveqthc-048d354197b1cc86be45d7158a87b883\">\n.avia-image-container.av-maveqthc-048d354197b1cc86be45d7158a87b883 img.avia_image{\nbox-shadow:none;\n}\n.avia-image-container.av-maveqthc-048d354197b1cc86be45d7158a87b883 .av-image-caption-overlay-center{\ncolor:#ffffff;\n}\n<\/style>\n<div  class='avia-image-container av-maveqthc-048d354197b1cc86be45d7158a87b883 av-styling- avia-align-left  avia-builder-el-27  el_before_av_textblock  avia-builder-el-first '   itemprop=\"image\" itemscope=\"itemscope\" itemtype=\"https:\/\/schema.org\/ImageObject\" ><div class=\"avia-image-container-inner\"><div class=\"avia-image-overlay-wrap\"><img decoding=\"async\" fetchpriority=\"high\" class='wp-image-1041 avia-img-lazy-loading-not-1041 avia_image ' src=\"https:\/\/awg-dinslaken.de\/wp-content\/uploads\/2024\/05\/Entes_Saban-495x400.jpg\" alt='' title='Entes_Saban'  height=\"400\" width=\"495\"  itemprop=\"thumbnailUrl\" srcset=\"https:\/\/awg-dinslaken.de\/wp-content\/uploads\/2024\/05\/Entes_Saban-495x400.jpg 495w, https:\/\/awg-dinslaken.de\/wp-content\/uploads\/2024\/05\/Entes_Saban-845x684.jpg 845w\" sizes=\"(max-width: 495px) 100vw, 495px\" \/><\/div><\/div><\/div><br \/>\n<section  class='av_textblock_section av-maveqztc-9b2125f979cccea2695a46353f271624 '   itemscope=\"itemscope\" itemtype=\"https:\/\/schema.org\/CreativeWork\" ><div class='avia_textblock'  itemprop=\"text\" ><h2><span style=\"color: #808000;\"><strong>Saban Entes\u00a0<\/strong><\/span><\/h2>\n<p>Schriftf\u00fchrer<\/p>\n<p><span style=\"color: #808000;\"><strong>Rat:<\/strong><\/span><\/p>\n<\/div><\/section><\/p><\/div>\n<style type=\"text\/css\" data-created_by=\"avia_inline_auto\" id=\"style-css-av-rptdu-fdc30f16c78cd1279e8e1f7c5f9becec\">\n.flex_column.av-rptdu-fdc30f16c78cd1279e8e1f7c5f9becec{\nborder-radius:0px 0px 0px 0px;\npadding:0px 0px 0px 0px;\n}\n<\/style>\n<div  class='flex_column av-rptdu-fdc30f16c78cd1279e8e1f7c5f9becec av_one_fourth  avia-builder-el-29  el_after_av_one_fourth  el_before_av_hr  flex_column_div av-zero-column-padding  column-top-margin'     ><p>\n<style type=\"text\/css\" data-created_by=\"avia_inline_auto\" id=\"style-css-av-kjkd39hs-85074fa208d77f839898c4d6a2ff8a91\">\n.avia-image-container.av-kjkd39hs-85074fa208d77f839898c4d6a2ff8a91 img.avia_image{\nbox-shadow:none;\n}\n.avia-image-container.av-kjkd39hs-85074fa208d77f839898c4d6a2ff8a91 .av-image-caption-overlay-center{\ncolor:#ffffff;\n}\n<\/style>\n<div  class='avia-image-container av-kjkd39hs-85074fa208d77f839898c4d6a2ff8a91 av-styling- avia-align-left  avia-builder-el-30  el_before_av_textblock  avia-builder-el-first '   itemprop=\"image\" itemscope=\"itemscope\" itemtype=\"https:\/\/schema.org\/ImageObject\" ><div class=\"avia-image-container-inner\"><div class=\"avia-image-overlay-wrap\"><img decoding=\"async\" fetchpriority=\"high\" class='wp-image-1044 avia-img-lazy-loading-not-1044 avia_image ' src=\"https:\/\/awg-dinslaken.de\/wp-content\/uploads\/2024\/05\/Kaya_Ali-845x684.jpg\" alt='' title='Kaya_Ali'  height=\"684\" width=\"845\"  itemprop=\"thumbnailUrl\" srcset=\"https:\/\/awg-dinslaken.de\/wp-content\/uploads\/2024\/05\/Kaya_Ali-845x684.jpg 845w, https:\/\/awg-dinslaken.de\/wp-content\/uploads\/2024\/05\/Kaya_Ali-495x400.jpg 495w\" sizes=\"(max-width: 845px) 100vw, 845px\" \/><\/div><\/div><\/div><br \/>\n<section  class='av_textblock_section av-k9d8ydq9-abb19d41944cf5e439fb7fb7da53974f '   itemscope=\"itemscope\" itemtype=\"https:\/\/schema.org\/CreativeWork\" ><div class='avia_textblock'  itemprop=\"text\" ><h2><span style=\"color: #808000;\"><strong>Ali Kaya<\/strong><\/span><\/h2>\n<p><span style=\"color: #808000;\"><strong>Rat:<\/strong><\/span><\/p>\n<\/div><\/section><\/p><\/div><div  class='hr av-81app-af9834d9e970ea28a77e733e20d0490c hr-default  avia-builder-el-32  el_after_av_one_fourth  avia-builder-el-last '><span class='hr-inner '><span class=\"hr-inner-style\"><\/span><\/span><\/div><\/p>\n","protected":false},"excerpt":{"rendered":"","protected":false},"author":3,"featured_media":0,"parent":0,"menu_order":0,"comment_status":"closed","ping_status":"closed","template":"","meta":{"footnotes":""},"class_list":["post-626","page","type-page","status-publish","hentry"],"_links":{"self":[{"href":"https:\/\/awg-dinslaken.de\/start\/wp-json\/wp\/v2\/pages\/626","targetHints":{"allow":["GET"]}}],"collection":[{"href":"https:\/\/awg-dinslaken.de\/start\/wp-json\/wp\/v2\/pages"}],"about":[{"href":"https:\/\/awg-dinslaken.de\/start\/wp-json\/wp\/v2\/types\/page"}],"author":[{"embeddable":true,"href":"https:\/\/awg-dinslaken.de\/start\/wp-json\/wp\/v2\/users\/3"}],"replies":[{"embeddable":true,"href":"https:\/\/awg-dinslaken.de\/start\/wp-json\/wp\/v2\/comments?post=626"}],"version-history":[{"count":65,"href":"https:\/\/awg-dinslaken.de\/start\/wp-json\/wp\/v2\/pages\/626\/revisions"}],"predecessor-version":[{"id":1521,"href":"https:\/\/awg-dinslaken.de\/start\/wp-json\/wp\/v2\/pages\/626\/revisions\/1521"}],"wp:attachment":[{"href":"https:\/\/awg-dinslaken.de\/start\/wp-json\/wp\/v2\/media?parent=626"}],"curies":[{"name":"wp","href":"https:\/\/api.w.org\/{rel}","templated":true}]}}